{"id":14663,"date":"2019-03-06T12:00:31","date_gmt":"2019-03-06T11:00:31","guid":{"rendered":"http:\/\/funnymissvinyl.com\/blogmissvinyl\/?page_id=14663"},"modified":"2019-03-06T12:30:48","modified_gmt":"2019-03-06T11:30:48","slug":"la-boutique-en-ligne-miss-vinyl-ferme-officiellement-ses-portes","status":"publish","type":"page","link":"https:\/\/funnymissvinyl.com\/blogmissvinyl\/la-boutique-en-ligne-miss-vinyl-ferme-officiellement-ses-portes\/","title":{"rendered":"La boutique en ligne Miss Vinyl ferme officiellement ses portes"},"content":{"rendered":"\n<p style=\"text-align:center\" class=\"has-text-color has-background has-large-font-size has-very-light-gray-color has-vivid-cyan-blue-background-color\">le Dimanche le 31 mars 2019<\/p>\n\n\n\n<p><a href=\"http:\/\/funnymissvinyl.com\/blogmissvinyl\/miss-vinyl-online-store-officially-closes\/\" target=\"_blank\" rel=\"noreferrer noopener\" aria-label=\"In English - Here (s\u2019ouvre dans un nouvel onglet)\">In English &#8211; Here<\/a><\/p>\n\n\n\n<figure class=\"wp-block-image\"><img loading=\"lazy\" decoding=\"async\" width=\"1024\" height=\"405\" src=\"http:\/\/funnymissvinyl.com\/blogmissvinyl\/wp-content\/uploads\/2019\/03\/newlookmvBYEBYE-1024x405.jpg\" alt=\"\" class=\"wp-image-14664\" srcset=\"https:\/\/funnymissvinyl.com\/blogmissvinyl\/wp-content\/uploads\/2019\/03\/newlookmvBYEBYE-1024x405.jpg 1024w, https:\/\/funnymissvinyl.com\/blogmissvinyl\/wp-content\/uploads\/2019\/03\/newlookmvBYEBYE-1000x395.jpg 1000w, https:\/\/funnymissvinyl.com\/blogmissvinyl\/wp-content\/uploads\/2019\/03\/newlookmvBYEBYE-400x158.jpg 400w, https:\/\/funnymissvinyl.com\/blogmissvinyl\/wp-content\/uploads\/2019\/03\/newlookmvBYEBYE-768x304.jpg 768w, https:\/\/funnymissvinyl.com\/blogmissvinyl\/wp-content\/uploads\/2019\/03\/newlookmvBYEBYE.jpg 1100w\" sizes=\"auto, (max-width: 1024px) 100vw, 1024px\" \/><\/figure>\n\n\n\n<p>Vous allez me dire \u00ab\u00a0<em>encore&nbsp;?!!<\/em>\u00ab\u00a0. Je vous ai habitu\u00e9 \u00e0 des come-backs r\u00e9p\u00e9t\u00e9s \u00e0 l&rsquo;image d&rsquo;une star qui peine \u00e0 quitter la sc\u00e8ne. Cette <strong>d\u00e9cision a \u00e9t\u00e9 tr\u00e8s difficile \u00e0 prendre<\/strong>. \u00c9tant d&rsquo;un caract\u00e8re combatif et rebelle \u00ab\u00a0<em>never give up, never surrender<\/em>\u00ab\u00a0, j\u2019ai l\u2019habitude de tout tenter, d\u2019enfoncer toutes les portes, de hurler pour me faire entendre.<\/p>\n\n\n\n<p>Cette fois-ci, il faut s&rsquo;y r\u00e9soudre, cette entreprise, <strong>mon b\u00e9b\u00e9 de 16 ans<\/strong> est affaibli, sans nutriments, sans oxyg\u00e8ne. Je ne peux que le d\u00e9brancher et abr\u00e9ger ses souffrances. L&rsquo;image est certes violente mais \u00e0 l&rsquo;image de notre soci\u00e9t\u00e9 de consommation, peu pr\u00e9occup\u00e9e par les faiblesses m\u00eame passag\u00e8res.<\/p>\n\n\n\n<p><strong>Le march\u00e9 de la poup\u00e9e s&rsquo;est d\u00e9grad\u00e9 \u00e0 une vitesse grand V<\/strong> (sans parler de notre environnement \u00e9conomique et social) ces derni\u00e8res ann\u00e9es. Il est devenu quasi impossible de travailler correctement et humainement. Tout ce qui fait mes valeurs (l&rsquo;amour du travail bien fait, le respect et la parole donn\u00e9e) s&rsquo;est noy\u00e9 dans les m\u00e9andres d&rsquo;un march\u00e9 ultra-rapide, avide de nouveaut\u00e9s imm\u00e9diates, de junk-dolls \u00e0 jeter apr\u00e8s consommation.<\/p>\n\n\n\n<p>Ce qui faisait le sel de ce m\u00e9tier, les artistes et designers, ne sont plus \u00e9cout\u00e9s ni pris en r\u00e9f\u00e9rence au profit de mod\u00e8les sans saveurs et uniform\u00e9ment \u00e9dulcor\u00e9s, faciles et rapides \u00e0 vendre.  <\/p>\n\n\n\n<p>Le bon vieux <strong>bon sens<\/strong> commercial a m\u00eame \u00e9t\u00e9 \u00e9radiqu\u00e9. Alors non, je ne veux pas d&rsquo;une Barbie 60\u00e8me anniversaire qui ressemble \u00e0 une Barbie de No\u00ebl vendue chez Leclerc, d&rsquo;une Phyn&amp;Aero sens\u00e9e renouveler le genre mais en fait pas du tout, d&rsquo;une \u00e9ni\u00e8me poup\u00e9e coiff\u00e9e comme la pr\u00e9c\u00e9dente, d&rsquo;une sous American Girl en plus moche. Le d\u00e9sert cr\u00e9atif qu&rsquo;a \u00e9t\u00e9 le <a href=\"http:\/\/funnymissvinyl.com\/blogmissvinyl\/nuremberg-2019-le-recit\/autres-poupees\/\">salon de Nuremberg<\/a> n&rsquo;a fait que pr\u00e9cipiter ma d\u00e9cision.<\/p>\n\n\n\n<p><strong>Ce milieu vit ses derniers instants sous l&rsquo;ancien r\u00e9gime<\/strong> de consommation. Il doit se r\u00e9inventer, comprendre qu&rsquo;un enfant aujourd&rsquo;hui \u00e0 d&rsquo;autres aspirations que de r\u00eaver d&rsquo;un cr\u00e9tin de poney, qu&rsquo;un(e) collectionneur(se) inform\u00e9(e) ne peut se contenter de <em>glitter<\/em> coll\u00e9.<\/p>\n\n\n\n<p>Mon esprit est de ce combat l\u00e0 mais malheureusement pas mon corps que j&rsquo;ai \u00e9puis\u00e9 \u00e0 travailler trop sans vacances. Je dois un temps stopper la machine infernale (ce que je n&rsquo;ai pas r\u00e9ellement fait ces derni\u00e8res ann\u00e9es) pour \u00e9viter le pire. Le commerce \u00e9tant la t\u00e2che la plus stressante et \u00e9prouvante physiquement, <strong>je cesse donc mon activit\u00e9 de vente<\/strong>.<\/p>\n\n\n\n<p>Mais\nparce que les poup\u00e9es sont une passion :<\/p>\n\n\n\n<ul class=\"wp-block-list\"><li>je garde la r\u00e9daction du <strong>blog<\/strong> o\u00f9 je vous donnerai mon avis sur les poup\u00e9es, les gens qui les fabriquent et le monde dans lesquelles elles se vendent,<\/li><li> je continue \u00e0 prendre des <strong>photos<\/strong> qui sont l&rsquo;expression de mon sens le plus artistique  <\/li><li> j&rsquo;approfondis <strong>l&rsquo;\u00e9criture<\/strong> et l&rsquo;\u00e9dition car c&rsquo;est un d\u00e9sir grandissant <\/li><li> je reste Miss Vinyl (nom d\u00e9pos\u00e9), non plus la vendeuse mais la collectionneuse avertie.<\/li><\/ul>\n\n\n\n<p><\/p>\n\n\n\n<p><\/p>\n\n\n\n<p> Tout ceci, entre la <strong>recherche d&rsquo;un nouveau travail <\/strong>et <strong>d&rsquo;un nouvel endroit o\u00f9 vivre<\/strong>.<\/p>\n\n\n\n<h4 class=\"wp-block-heading\">Une\nnouvelle fois, je vous remercie mes ami(e)s et client(e)s de votre\nfid\u00e9lit\u00e9 et de votre passion. Mon optimisme forcen\u00e9 ne m&rsquo;oblige\npas \u00e0 vous dire adieu mais plut\u00f4t bonne route sur des chemins qui\nnous am\u00e8neront peut-\u00eatre \u00e0 nous recroiser.<\/h4>\n\n\n\n<p>Amicalement\net tr\u00e8s sinc\u00e8rement,<\/p>\n\n\n\n<p> C\u00e9cile Miss Vinyl<\/p>\n","protected":false},"excerpt":{"rendered":"<p>le Dimanche le 31 mars 2019 In English &#8211; Here Vous allez me dire \u00ab\u00a0encore&nbsp;?!!\u00ab\u00a0. Je vous ai habitu\u00e9 \u00e0 des come-backs r\u00e9p\u00e9t\u00e9s \u00e0 l&rsquo;image d&rsquo;une star qui peine \u00e0 quitter la sc\u00e8ne. Cette d\u00e9cision a \u00e9t\u00e9 tr\u00e8s difficile \u00e0 prendre. \u00c9tant d&rsquo;un caract\u00e8re combatif et rebelle \u00ab\u00a0never give up, never surrender\u00ab\u00a0, j\u2019ai l\u2019habitude de tout tenter, d\u2019enfoncer toutes les portes, de hurler pour me faire entendre. Cette fois-ci, il faut s&rsquo;y r\u00e9soudre, cette entreprise, mon b\u00e9b\u00e9 de 16 ans&#8230;<\/p>\n<p class=\"read-more\"><a class=\"btn btn-default\" href=\"https:\/\/funnymissvinyl.com\/blogmissvinyl\/la-boutique-en-ligne-miss-vinyl-ferme-officiellement-ses-portes\/\">Lire la suite<span class=\"screen-reader-text\"> Lire la suite<\/span><\/a><\/p>\n","protected":false},"author":1,"featured_media":0,"parent":0,"menu_order":0,"comment_status":"open","ping_status":"closed","template":"","meta":{"footnotes":""},"class_list":["post-14663","page","type-page","status-publish","hentry"],"yoast_head":"<!-- This site is optimized with the Yoast SEO plugin v27.3 - https:\/\/yoast.com\/product\/yoast-seo-wordpress\/ -->\n<title>La boutique en ligne Miss Vinyl ferme officiellement ses portes - MISS VINYL BLOG - Poup\u00e9es de collection<\/title>\n<meta name=\"robots\" content=\"index, follow, max-snippet:-1, max-image-preview:large, max-video-preview:-1\" \/>\n<link rel=\"canonical\" href=\"https:\/\/funnymissvinyl.com\/blogmissvinyl\/la-boutique-en-ligne-miss-vinyl-ferme-officiellement-ses-portes\/\" \/>\n<meta property=\"og:locale\" content=\"fr_FR\" \/>\n<meta property=\"og:type\" content=\"article\" \/>\n<meta property=\"og:title\" content=\"La boutique en ligne Miss Vinyl ferme officiellement ses portes - MISS VINYL BLOG - Poup\u00e9es de collection\" \/>\n<meta property=\"og:description\" content=\"le Dimanche le 31 mars 2019 In English &#8211; Here Vous allez me dire \u00ab\u00a0encore&nbsp;?!!\u00ab\u00a0. Je vous ai habitu\u00e9 \u00e0 des come-backs r\u00e9p\u00e9t\u00e9s \u00e0 l&rsquo;image d&rsquo;une star qui peine \u00e0 quitter la sc\u00e8ne. Cette d\u00e9cision a \u00e9t\u00e9 tr\u00e8s difficile \u00e0 prendre. \u00c9tant d&rsquo;un caract\u00e8re combatif et rebelle \u00ab\u00a0never give up, never surrender\u00ab\u00a0, j\u2019ai l\u2019habitude de tout tenter, d\u2019enfoncer toutes les portes, de hurler pour me faire entendre. Cette fois-ci, il faut s&rsquo;y r\u00e9soudre, cette entreprise, mon b\u00e9b\u00e9 de 16 ans...Lire la suite Lire la suite\" \/>\n<meta property=\"og:url\" content=\"https:\/\/funnymissvinyl.com\/blogmissvinyl\/la-boutique-en-ligne-miss-vinyl-ferme-officiellement-ses-portes\/\" \/>\n<meta property=\"og:site_name\" content=\"MISS VINYL BLOG - Poup\u00e9es de collection\" \/>\n<meta property=\"article:publisher\" content=\"https:\/\/www.facebook.com\/cecilemissvinyl\" \/>\n<meta property=\"article:modified_time\" content=\"2019-03-06T11:30:48+00:00\" \/>\n<meta property=\"og:image\" content=\"http:\/\/funnymissvinyl.com\/blogmissvinyl\/wp-content\/uploads\/2019\/03\/newlookmvBYEBYE-1024x405.jpg\" \/>\n<meta name=\"twitter:card\" content=\"summary_large_image\" \/>\n<script type=\"application\/ld+json\" class=\"yoast-schema-graph\">{\"@context\":\"https:\\\/\\\/schema.org\",\"@graph\":[{\"@type\":\"Article\",\"@id\":\"https:\\\/\\\/funnymissvinyl.com\\\/blogmissvinyl\\\/la-boutique-en-ligne-miss-vinyl-ferme-officiellement-ses-portes\\\/#article\",\"isPartOf\":{\"@id\":\"https:\\\/\\\/funnymissvinyl.com\\\/blogmissvinyl\\\/la-boutique-en-ligne-miss-vinyl-ferme-officiellement-ses-portes\\\/\"},\"author\":{\"name\":\"C\u00e9cile\",\"@id\":\"https:\\\/\\\/funnymissvinyl.com\\\/blogmissvinyl\\\/#\\\/schema\\\/person\\\/d43605ef0d5681c1b27a4ba1fede1cf4\"},\"headline\":\"La boutique en ligne Miss Vinyl ferme officiellement ses portes\",\"datePublished\":\"2019-03-06T11:00:31+00:00\",\"dateModified\":\"2019-03-06T11:30:48+00:00\",\"mainEntityOfPage\":{\"@id\":\"https:\\\/\\\/funnymissvinyl.com\\\/blogmissvinyl\\\/la-boutique-en-ligne-miss-vinyl-ferme-officiellement-ses-portes\\\/\"},\"wordCount\":626,\"commentCount\":0,\"publisher\":{\"@id\":\"https:\\\/\\\/funnymissvinyl.com\\\/blogmissvinyl\\\/#organization\"},\"image\":{\"@id\":\"https:\\\/\\\/funnymissvinyl.com\\\/blogmissvinyl\\\/la-boutique-en-ligne-miss-vinyl-ferme-officiellement-ses-portes\\\/#primaryimage\"},\"thumbnailUrl\":\"http:\\\/\\\/funnymissvinyl.com\\\/blogmissvinyl\\\/wp-content\\\/uploads\\\/2019\\\/03\\\/newlookmvBYEBYE-1024x405.jpg\",\"inLanguage\":\"fr-FR\",\"potentialAction\":[{\"@type\":\"CommentAction\",\"name\":\"Comment\",\"target\":[\"https:\\\/\\\/funnymissvinyl.com\\\/blogmissvinyl\\\/la-boutique-en-ligne-miss-vinyl-ferme-officiellement-ses-portes\\\/#respond\"]}]},{\"@type\":\"WebPage\",\"@id\":\"https:\\\/\\\/funnymissvinyl.com\\\/blogmissvinyl\\\/la-boutique-en-ligne-miss-vinyl-ferme-officiellement-ses-portes\\\/\",\"url\":\"https:\\\/\\\/funnymissvinyl.com\\\/blogmissvinyl\\\/la-boutique-en-ligne-miss-vinyl-ferme-officiellement-ses-portes\\\/\",\"name\":\"La boutique en ligne Miss Vinyl ferme officiellement ses portes - MISS VINYL BLOG - Poup\u00e9es de collection\",\"isPartOf\":{\"@id\":\"https:\\\/\\\/funnymissvinyl.com\\\/blogmissvinyl\\\/#website\"},\"primaryImageOfPage\":{\"@id\":\"https:\\\/\\\/funnymissvinyl.com\\\/blogmissvinyl\\\/la-boutique-en-ligne-miss-vinyl-ferme-officiellement-ses-portes\\\/#primaryimage\"},\"image\":{\"@id\":\"https:\\\/\\\/funnymissvinyl.com\\\/blogmissvinyl\\\/la-boutique-en-ligne-miss-vinyl-ferme-officiellement-ses-portes\\\/#primaryimage\"},\"thumbnailUrl\":\"http:\\\/\\\/funnymissvinyl.com\\\/blogmissvinyl\\\/wp-content\\\/uploads\\\/2019\\\/03\\\/newlookmvBYEBYE-1024x405.jpg\",\"datePublished\":\"2019-03-06T11:00:31+00:00\",\"dateModified\":\"2019-03-06T11:30:48+00:00\",\"breadcrumb\":{\"@id\":\"https:\\\/\\\/funnymissvinyl.com\\\/blogmissvinyl\\\/la-boutique-en-ligne-miss-vinyl-ferme-officiellement-ses-portes\\\/#breadcrumb\"},\"inLanguage\":\"fr-FR\",\"potentialAction\":[{\"@type\":\"ReadAction\",\"target\":[\"https:\\\/\\\/funnymissvinyl.com\\\/blogmissvinyl\\\/la-boutique-en-ligne-miss-vinyl-ferme-officiellement-ses-portes\\\/\"]}]},{\"@type\":\"ImageObject\",\"inLanguage\":\"fr-FR\",\"@id\":\"https:\\\/\\\/funnymissvinyl.com\\\/blogmissvinyl\\\/la-boutique-en-ligne-miss-vinyl-ferme-officiellement-ses-portes\\\/#primaryimage\",\"url\":\"https:\\\/\\\/funnymissvinyl.com\\\/blogmissvinyl\\\/wp-content\\\/uploads\\\/2019\\\/03\\\/newlookmvBYEBYE.jpg\",\"contentUrl\":\"https:\\\/\\\/funnymissvinyl.com\\\/blogmissvinyl\\\/wp-content\\\/uploads\\\/2019\\\/03\\\/newlookmvBYEBYE.jpg\",\"width\":1100,\"height\":435},{\"@type\":\"BreadcrumbList\",\"@id\":\"https:\\\/\\\/funnymissvinyl.com\\\/blogmissvinyl\\\/la-boutique-en-ligne-miss-vinyl-ferme-officiellement-ses-portes\\\/#breadcrumb\",\"itemListElement\":[{\"@type\":\"ListItem\",\"position\":1,\"name\":\"Accueil\",\"item\":\"https:\\\/\\\/funnymissvinyl.com\\\/blogmissvinyl\\\/\"},{\"@type\":\"ListItem\",\"position\":2,\"name\":\"La boutique en ligne Miss Vinyl ferme officiellement ses portes\"}]},{\"@type\":\"WebSite\",\"@id\":\"https:\\\/\\\/funnymissvinyl.com\\\/blogmissvinyl\\\/#website\",\"url\":\"https:\\\/\\\/funnymissvinyl.com\\\/blogmissvinyl\\\/\",\"name\":\"MISS VINYL BLOG - Poup\u00e9es de collection\",\"description\":\"\",\"publisher\":{\"@id\":\"https:\\\/\\\/funnymissvinyl.com\\\/blogmissvinyl\\\/#organization\"},\"potentialAction\":[{\"@type\":\"SearchAction\",\"target\":{\"@type\":\"EntryPoint\",\"urlTemplate\":\"https:\\\/\\\/funnymissvinyl.com\\\/blogmissvinyl\\\/?s={search_term_string}\"},\"query-input\":{\"@type\":\"PropertyValueSpecification\",\"valueRequired\":true,\"valueName\":\"search_term_string\"}}],\"inLanguage\":\"fr-FR\"},{\"@type\":\"Organization\",\"@id\":\"https:\\\/\\\/funnymissvinyl.com\\\/blogmissvinyl\\\/#organization\",\"name\":\"Miss Vinyl\",\"url\":\"https:\\\/\\\/funnymissvinyl.com\\\/blogmissvinyl\\\/\",\"logo\":{\"@type\":\"ImageObject\",\"inLanguage\":\"fr-FR\",\"@id\":\"https:\\\/\\\/funnymissvinyl.com\\\/blogmissvinyl\\\/#\\\/schema\\\/logo\\\/image\\\/\",\"url\":\"https:\\\/\\\/funnymissvinyl.com\\\/blogmissvinyl\\\/wp-content\\\/uploads\\\/2018\\\/07\\\/cropped-MVnewlogoBLOG500.png\",\"contentUrl\":\"https:\\\/\\\/funnymissvinyl.com\\\/blogmissvinyl\\\/wp-content\\\/uploads\\\/2018\\\/07\\\/cropped-MVnewlogoBLOG500.png\",\"width\":500,\"height\":195,\"caption\":\"Miss Vinyl\"},\"image\":{\"@id\":\"https:\\\/\\\/funnymissvinyl.com\\\/blogmissvinyl\\\/#\\\/schema\\\/logo\\\/image\\\/\"},\"sameAs\":[\"https:\\\/\\\/www.facebook.com\\\/cecilemissvinyl\",\"https:\\\/\\\/www.instagram.com\\\/cecile_missvinyl\\\/\"]},{\"@type\":\"Person\",\"@id\":\"https:\\\/\\\/funnymissvinyl.com\\\/blogmissvinyl\\\/#\\\/schema\\\/person\\\/d43605ef0d5681c1b27a4ba1fede1cf4\",\"name\":\"C\u00e9cile\",\"sameAs\":[\"http:\\\/\\\/www.missvinyl.com\"]}]}<\/script>\n<!-- \/ Yoast SEO plugin. -->","yoast_head_json":{"title":"La boutique en ligne Miss Vinyl ferme officiellement ses portes - MISS VINYL BLOG - Poup\u00e9es de collection","robots":{"index":"index","follow":"follow","max-snippet":"max-snippet:-1","max-image-preview":"max-image-preview:large","max-video-preview":"max-video-preview:-1"},"canonical":"https:\/\/funnymissvinyl.com\/blogmissvinyl\/la-boutique-en-ligne-miss-vinyl-ferme-officiellement-ses-portes\/","og_locale":"fr_FR","og_type":"article","og_title":"La boutique en ligne Miss Vinyl ferme officiellement ses portes - MISS VINYL BLOG - Poup\u00e9es de collection","og_description":"le Dimanche le 31 mars 2019 In English &#8211; Here Vous allez me dire \u00ab\u00a0encore&nbsp;?!!\u00ab\u00a0. Je vous ai habitu\u00e9 \u00e0 des come-backs r\u00e9p\u00e9t\u00e9s \u00e0 l&rsquo;image d&rsquo;une star qui peine \u00e0 quitter la sc\u00e8ne. Cette d\u00e9cision a \u00e9t\u00e9 tr\u00e8s difficile \u00e0 prendre. \u00c9tant d&rsquo;un caract\u00e8re combatif et rebelle \u00ab\u00a0never give up, never surrender\u00ab\u00a0, j\u2019ai l\u2019habitude de tout tenter, d\u2019enfoncer toutes les portes, de hurler pour me faire entendre. Cette fois-ci, il faut s&rsquo;y r\u00e9soudre, cette entreprise, mon b\u00e9b\u00e9 de 16 ans...Lire la suite Lire la suite","og_url":"https:\/\/funnymissvinyl.com\/blogmissvinyl\/la-boutique-en-ligne-miss-vinyl-ferme-officiellement-ses-portes\/","og_site_name":"MISS VINYL BLOG - Poup\u00e9es de collection","article_publisher":"https:\/\/www.facebook.com\/cecilemissvinyl","article_modified_time":"2019-03-06T11:30:48+00:00","og_image":[{"url":"http:\/\/funnymissvinyl.com\/blogmissvinyl\/wp-content\/uploads\/2019\/03\/newlookmvBYEBYE-1024x405.jpg","type":"","width":"","height":""}],"twitter_card":"summary_large_image","schema":{"@context":"https:\/\/schema.org","@graph":[{"@type":"Article","@id":"https:\/\/funnymissvinyl.com\/blogmissvinyl\/la-boutique-en-ligne-miss-vinyl-ferme-officiellement-ses-portes\/#article","isPartOf":{"@id":"https:\/\/funnymissvinyl.com\/blogmissvinyl\/la-boutique-en-ligne-miss-vinyl-ferme-officiellement-ses-portes\/"},"author":{"name":"C\u00e9cile","@id":"https:\/\/funnymissvinyl.com\/blogmissvinyl\/#\/schema\/person\/d43605ef0d5681c1b27a4ba1fede1cf4"},"headline":"La boutique en ligne Miss Vinyl ferme officiellement ses portes","datePublished":"2019-03-06T11:00:31+00:00","dateModified":"2019-03-06T11:30:48+00:00","mainEntityOfPage":{"@id":"https:\/\/funnymissvinyl.com\/blogmissvinyl\/la-boutique-en-ligne-miss-vinyl-ferme-officiellement-ses-portes\/"},"wordCount":626,"commentCount":0,"publisher":{"@id":"https:\/\/funnymissvinyl.com\/blogmissvinyl\/#organization"},"image":{"@id":"https:\/\/funnymissvinyl.com\/blogmissvinyl\/la-boutique-en-ligne-miss-vinyl-ferme-officiellement-ses-portes\/#primaryimage"},"thumbnailUrl":"http:\/\/funnymissvinyl.com\/blogmissvinyl\/wp-content\/uploads\/2019\/03\/newlookmvBYEBYE-1024x405.jpg","inLanguage":"fr-FR","potentialAction":[{"@type":"CommentAction","name":"Comment","target":["https:\/\/funnymissvinyl.com\/blogmissvinyl\/la-boutique-en-ligne-miss-vinyl-ferme-officiellement-ses-portes\/#respond"]}]},{"@type":"WebPage","@id":"https:\/\/funnymissvinyl.com\/blogmissvinyl\/la-boutique-en-ligne-miss-vinyl-ferme-officiellement-ses-portes\/","url":"https:\/\/funnymissvinyl.com\/blogmissvinyl\/la-boutique-en-ligne-miss-vinyl-ferme-officiellement-ses-portes\/","name":"La boutique en ligne Miss Vinyl ferme officiellement ses portes - MISS VINYL BLOG - Poup\u00e9es de collection","isPartOf":{"@id":"https:\/\/funnymissvinyl.com\/blogmissvinyl\/#website"},"primaryImageOfPage":{"@id":"https:\/\/funnymissvinyl.com\/blogmissvinyl\/la-boutique-en-ligne-miss-vinyl-ferme-officiellement-ses-portes\/#primaryimage"},"image":{"@id":"https:\/\/funnymissvinyl.com\/blogmissvinyl\/la-boutique-en-ligne-miss-vinyl-ferme-officiellement-ses-portes\/#primaryimage"},"thumbnailUrl":"http:\/\/funnymissvinyl.com\/blogmissvinyl\/wp-content\/uploads\/2019\/03\/newlookmvBYEBYE-1024x405.jpg","datePublished":"2019-03-06T11:00:31+00:00","dateModified":"2019-03-06T11:30:48+00:00","breadcrumb":{"@id":"https:\/\/funnymissvinyl.com\/blogmissvinyl\/la-boutique-en-ligne-miss-vinyl-ferme-officiellement-ses-portes\/#breadcrumb"},"inLanguage":"fr-FR","potentialAction":[{"@type":"ReadAction","target":["https:\/\/funnymissvinyl.com\/blogmissvinyl\/la-boutique-en-ligne-miss-vinyl-ferme-officiellement-ses-portes\/"]}]},{"@type":"ImageObject","inLanguage":"fr-FR","@id":"https:\/\/funnymissvinyl.com\/blogmissvinyl\/la-boutique-en-ligne-miss-vinyl-ferme-officiellement-ses-portes\/#primaryimage","url":"https:\/\/funnymissvinyl.com\/blogmissvinyl\/wp-content\/uploads\/2019\/03\/newlookmvBYEBYE.jpg","contentUrl":"https:\/\/funnymissvinyl.com\/blogmissvinyl\/wp-content\/uploads\/2019\/03\/newlookmvBYEBYE.jpg","width":1100,"height":435},{"@type":"BreadcrumbList","@id":"https:\/\/funnymissvinyl.com\/blogmissvinyl\/la-boutique-en-ligne-miss-vinyl-ferme-officiellement-ses-portes\/#breadcrumb","itemListElement":[{"@type":"ListItem","position":1,"name":"Accueil","item":"https:\/\/funnymissvinyl.com\/blogmissvinyl\/"},{"@type":"ListItem","position":2,"name":"La boutique en ligne Miss Vinyl ferme officiellement ses portes"}]},{"@type":"WebSite","@id":"https:\/\/funnymissvinyl.com\/blogmissvinyl\/#website","url":"https:\/\/funnymissvinyl.com\/blogmissvinyl\/","name":"MISS VINYL BLOG - Poup\u00e9es de collection","description":"","publisher":{"@id":"https:\/\/funnymissvinyl.com\/blogmissvinyl\/#organization"},"potentialAction":[{"@type":"SearchAction","target":{"@type":"EntryPoint","urlTemplate":"https:\/\/funnymissvinyl.com\/blogmissvinyl\/?s={search_term_string}"},"query-input":{"@type":"PropertyValueSpecification","valueRequired":true,"valueName":"search_term_string"}}],"inLanguage":"fr-FR"},{"@type":"Organization","@id":"https:\/\/funnymissvinyl.com\/blogmissvinyl\/#organization","name":"Miss Vinyl","url":"https:\/\/funnymissvinyl.com\/blogmissvinyl\/","logo":{"@type":"ImageObject","inLanguage":"fr-FR","@id":"https:\/\/funnymissvinyl.com\/blogmissvinyl\/#\/schema\/logo\/image\/","url":"https:\/\/funnymissvinyl.com\/blogmissvinyl\/wp-content\/uploads\/2018\/07\/cropped-MVnewlogoBLOG500.png","contentUrl":"https:\/\/funnymissvinyl.com\/blogmissvinyl\/wp-content\/uploads\/2018\/07\/cropped-MVnewlogoBLOG500.png","width":500,"height":195,"caption":"Miss Vinyl"},"image":{"@id":"https:\/\/funnymissvinyl.com\/blogmissvinyl\/#\/schema\/logo\/image\/"},"sameAs":["https:\/\/www.facebook.com\/cecilemissvinyl","https:\/\/www.instagram.com\/cecile_missvinyl\/"]},{"@type":"Person","@id":"https:\/\/funnymissvinyl.com\/blogmissvinyl\/#\/schema\/person\/d43605ef0d5681c1b27a4ba1fede1cf4","name":"C\u00e9cile","sameAs":["http:\/\/www.missvinyl.com"]}]}},"_links":{"self":[{"href":"https:\/\/funnymissvinyl.com\/blogmissvinyl\/wp-json\/wp\/v2\/pages\/14663","targetHints":{"allow":["GET"]}}],"collection":[{"href":"https:\/\/funnymissvinyl.com\/blogmissvinyl\/wp-json\/wp\/v2\/pages"}],"about":[{"href":"https:\/\/funnymissvinyl.com\/blogmissvinyl\/wp-json\/wp\/v2\/types\/page"}],"author":[{"embeddable":true,"href":"https:\/\/funnymissvinyl.com\/blogmissvinyl\/wp-json\/wp\/v2\/users\/1"}],"replies":[{"embeddable":true,"href":"https:\/\/funnymissvinyl.com\/blogmissvinyl\/wp-json\/wp\/v2\/comments?post=14663"}],"version-history":[{"count":5,"href":"https:\/\/funnymissvinyl.com\/blogmissvinyl\/wp-json\/wp\/v2\/pages\/14663\/revisions"}],"predecessor-version":[{"id":14675,"href":"https:\/\/funnymissvinyl.com\/blogmissvinyl\/wp-json\/wp\/v2\/pages\/14663\/revisions\/14675"}],"wp:attachment":[{"href":"https:\/\/funnymissvinyl.com\/blogmissvinyl\/wp-json\/wp\/v2\/media?parent=14663"}],"curies":[{"name":"wp","href":"https:\/\/api.w.org\/{rel}","templated":true}]}}