{"id":15460,"date":"2019-08-29T08:31:06","date_gmt":"2019-08-29T06:31:06","guid":{"rendered":"http:\/\/funnymissvinyl.com\/blogmissvinyl\/?page_id=15460"},"modified":"2019-08-29T08:31:08","modified_gmt":"2019-08-29T06:31:08","slug":"robert-best-nous-parle-de-lavenir-des-silkstones","status":"publish","type":"page","link":"https:\/\/funnymissvinyl.com\/blogmissvinyl\/robert-best-nous-parle-de-lavenir-des-silkstones\/","title":{"rendered":"Robert Best nous parle de l&rsquo;avenir des Silkstones"},"content":{"rendered":"\n<figure class=\"wp-block-image\"><img loading=\"lazy\" decoding=\"async\" width=\"640\" height=\"360\" src=\"http:\/\/funnymissvinyl.com\/blogmissvinyl\/wp-content\/uploads\/2019\/08\/byebyebfmc.jpg\" alt=\"\" class=\"wp-image-15468\" srcset=\"https:\/\/funnymissvinyl.com\/blogmissvinyl\/wp-content\/uploads\/2019\/08\/byebyebfmc.jpg 640w, https:\/\/funnymissvinyl.com\/blogmissvinyl\/wp-content\/uploads\/2019\/08\/byebyebfmc-134x75.jpg 134w, https:\/\/funnymissvinyl.com\/blogmissvinyl\/wp-content\/uploads\/2019\/08\/byebyebfmc-200x113.jpg 200w, https:\/\/funnymissvinyl.com\/blogmissvinyl\/wp-content\/uploads\/2019\/08\/byebyebfmc-400x225.jpg 400w\" sizes=\"auto, (max-width: 640px) 100vw, 640px\" \/><\/figure>\n\n\n\n<h3 class=\"wp-block-heading\">Durant vingt ans, les Sikstones ont r\u00e9interpr\u00e9t\u00e9 les grands classiques de la mode avec une petite touche moderne. Jusqu&rsquo;\u00e0 ce jour, la collection compte 140 poup\u00e9es ! En exclusivit\u00e9, Robert Best parle de la fin de la p\u00e9riode haute couture en 2020.<\/h3>\n\n\n\n<p><strong><em>Pouvez-vous nous dire pourquoi 2020 est l&rsquo;ann\u00e9e pour faire une pause ?<\/em><\/strong><\/p>\n\n\n\n<p> J&rsquo;aime les chiffres pairs et cela semblait \u00eatre le bon moment. Cela a toujours \u00e9t\u00e9 un travail de passion et je ne l&rsquo;envisageais pas autrement. Je pense que la collection a couvert pas mal d&rsquo;\u00e9poques au bout de 20 ans. C&rsquo;est le bon moment pour prendre du recul et voir ce que l&rsquo;avenir nous r\u00e9serve.<\/p>\n\n\n\n<p> <strong><em>Quelles sont vos poup\u00e9es pr\u00e9f\u00e9r\u00e9es dans la collection ?<\/em><\/strong><\/p>\n\n\n\n<p>Difficile de r\u00e9pondre, il y en a trop. J&rsquo;ai toujours ador\u00e9 \u00a0<a rel=\"noreferrer noopener\" href=\"https:\/\/barbie.mattel.com\/shop\/en-us\/ba\/delphine-barbie-doll-26929\" target=\"_blank\">Delphine Barbie\u00a0<\/a>, c&rsquo;\u00e9tait la premi\u00e8re robe de gala en 2000.\u00a0<a rel=\"noreferrer noopener\" href=\"https:\/\/barbie.mattel.com\/shop\/en-us\/ba\/barbie-fashion-model-collection-silkstone\/in-pink-barbie-doll-27683\" target=\"_blank\">In the Pink Barbie\u00a0<\/a>\u00e9tait magnifique.\u00a0<a rel=\"noreferrer noopener\" href=\"https:\/\/barbie.mattel.com\/shop\/en-us\/ba\/barbie-fashion-model-collection-silkstone\/maria-therese-barbie-55496\" target=\"_blank\">Marie Therese Barbie<\/a>, \u00e9videmment \u2013 inspir\u00e9e par ma s\u0153ur.\u00a0<a rel=\"noreferrer noopener\" href=\"https:\/\/barbie.mattel.com\/shop\/en-us\/ba\/midnight-mischief-fashion-b0148\" target=\"_blank\">Midnight Mischief<\/a>\u00a0est une de mes tenues favorites.\u00a0<a rel=\"noreferrer noopener\" href=\"https:\/\/barbie.mattel.com\/shop\/en-us\/ba\/dahlia-barbie-doll-j4255\" target=\"_blank\">Dahlia Barbie\u00a0<\/a>est une poup\u00e9e incroyable avec beaucoup de d\u00e9tails. J&rsquo;aime toute la s\u00e9rie des \u00ab\u00a0Carri\u00e8res\u00a0\u00bb et \u00ab\u00a0Hollywood\u00a0\u00bb.\u00a0<a rel=\"noreferrer noopener\" href=\"https:\/\/barbie.mattel.com\/shop\/en-us\/ba\/preferably-pink-barbie-doll-m4969\" target=\"_blank\">Preferably Pink Barbie<\/a>\u00a0sort du lot pour ses d\u00e9tails et ses bijoux. La collection\u00a0<a rel=\"noreferrer noopener\" href=\"https:\/\/barbie.mattel.com\/shop\/SearchDisplay?categoryId=&amp;storeId=10151&amp;catalogId=10104&amp;langId=-1&amp;sType=SimpleSearch&amp;resultCatEntryType=2&amp;showResultsPage=true&amp;searchSource=Q&amp;pageView=&amp;beginIndex=0&amp;pageSize=36&amp;reflectionEnableSwitchVal=&amp;searchTerm=mad+men#facet:98114971101009897114981051013835495552593211510510311097116117114101&amp;productBeginIndex:0&amp;orderBy:&amp;pageView:grid&amp;minPrice:&amp;maxPrice:&amp;pageSize:&amp;contentPageSize:&amp;\" target=\"_blank\">Mad Men<\/a>\u00a0 \u00e9tait une partenariat incroyable. Toute la collection \u201cAtelier\u201d. C&rsquo;est difficile de regarder vingt ans en arri\u00e8re et de n&rsquo;en choisir que quelques unes. Je les ai sinc\u00e8rement toutes aim\u00e9es.<\/p>\n\n\n\n<p><strong><em>Les fans de Barbie aiment beaucoup cette ligne. Pouvez-vous nous dire le retour que vous en avez eu ?f<\/em><\/strong><\/p>\n\n\n\n<p>Quant les BFMC ont \u00e9t\u00e9 lanc\u00e9es, l&rsquo;attente et l&rsquo;excitation \u00e9taient palpables. Les collectionneurs n&rsquo;ont pas h\u00e9sit\u00e9 \u00e0 dire que cette collection avait relanc\u00e9 leur int\u00e9r\u00eat pour leur passion. D&rsquo;autres m&rsquo;ont dit que c&rsquo;\u00e9tait ce qui les avait fait commencer une collection. Les gens ont toujours \u00e9t\u00e9 incroyablement positifs depuis le d\u00e9but. Tant ont dit que c&rsquo;\u00e9tait leur ligne favorite et qu&rsquo;elle avait une place \u00e0 part dans leur collection.<\/p>\n\n\n\n<p><strong><em>Comment appr\u00e9hendez-vous l&rsquo;ann\u00e9e 2020. Que ferez-vous diff\u00e9remment ? Cette d\u00e9cision a-t-elle \u00e9t\u00e9 difficile ?<\/em><\/strong><\/p>\n\n\n\n<p>J&rsquo;ai con\u00e7u la collection 2020 comme un retour aux sources Je voulais, tout comme je l&rsquo;avais con\u00e7u au d\u00e9but, que chacun y trouve son compte avec beaucoup de poup\u00e9es, des d\u00e9tails, une vari\u00e9t\u00e9 de styles tout en restant classique.<\/p>\n\n\n\n<p>Chaque collection emprunte des r\u00e9f\u00e9rences aux pr\u00e9c\u00e9dentes avec une petite \u00e9volution. Je suis personnellement satisfait de notre travail pour cette derni\u00e8re ann\u00e9e et nous terminerons ces d\u00e9cennies en beaut\u00e9 !<\/p>\n\n\n\n<p>Bien entendu, cela est \u00e9mouvant et je suis quelqu&rsquo;un qui n&rsquo;aime pas le changement &#8211; mais dans ce cas pr\u00e9cis, j&rsquo;\u00e9prouve un sentiment d&rsquo;accomplissement. Les choses changent et \u00e9voluent, c&rsquo;est le processus naturel de la vie et \u00e7a me va.<\/p>\n\n\n\n<p><strong><em>Pouvez-vous nous en dire plus sur votre avenir et le futur des Barbies Haute Couture ?<\/em><\/strong><\/p>\n\n\n\n<p>Il y a plusieurs projets excitants pour Barbie, de nouveaux talents et de nouvelles id\u00e9es. Je ne peux pas en dire plus si ce n&rsquo;est \u00ab\u00a0Soyez attentifs&#8230;\u00a0\u00bb<\/p>\n\n\n\n<p>Barbie se r\u00e9inventera toujours. Je suis confiant. J&rsquo;appr\u00e9cie l&rsquo;int\u00e9r\u00eat et l&rsquo;amour que les collectionneurs portent aux Silkstones et \u00e0 ma personne par ricochet. Je suis persuad\u00e9 qu&rsquo;il y aura d&rsquo;autres collections qui continueront \u00e0 divertir la communaut\u00e9 des collectionneurs.<\/p>\n\n\n\n<blockquote class=\"wp-block-quote is-layout-flow wp-block-quote-is-layout-flow\"><p>Blog Barbie Collectible<\/p><cite> Source : <a href=\"https:\/\/barbie.mattel.com\/shop\/en-us\/ba\/buzz\/looking-ahead-robert-talks-2020-bfmc\">Allen Voivod<\/a> &#8211; Mattel 2019 <\/cite><\/blockquote>\n","protected":false},"excerpt":{"rendered":"<p>Durant vingt ans, les Sikstones ont r\u00e9interpr\u00e9t\u00e9 les grands classiques de la mode avec une petite touche moderne. Jusqu&rsquo;\u00e0 ce jour, la collection compte 140 poup\u00e9es ! En exclusivit\u00e9, Robert Best parle de la fin de la p\u00e9riode haute couture en 2020. Pouvez-vous nous dire pourquoi 2020 est l&rsquo;ann\u00e9e pour faire une pause ? J&rsquo;aime les chiffres pairs et cela semblait \u00eatre le bon moment. Cela a toujours \u00e9t\u00e9 un travail de passion et je ne l&rsquo;envisageais pas autrement. Je&#8230;<\/p>\n<p class=\"read-more\"><a class=\"btn btn-default\" href=\"https:\/\/funnymissvinyl.com\/blogmissvinyl\/robert-best-nous-parle-de-lavenir-des-silkstones\/\">Lire la suite<span class=\"screen-reader-text\"> Lire la suite<\/span><\/a><\/p>\n","protected":false},"author":1,"featured_media":0,"parent":0,"menu_order":0,"comment_status":"open","ping_status":"closed","template":"","meta":{"footnotes":""},"class_list":["post-15460","page","type-page","status-publish","hentry"],"yoast_head":"<!-- This site is optimized with the Yoast SEO plugin v27.3 - https:\/\/yoast.com\/product\/yoast-seo-wordpress\/ -->\n<title>Robert Best nous parle de l&#039;avenir des Silkstones - MISS VINYL BLOG - Poup\u00e9es de collection<\/title>\n<meta name=\"robots\" content=\"index, follow, max-snippet:-1, max-image-preview:large, max-video-preview:-1\" \/>\n<link rel=\"canonical\" href=\"https:\/\/funnymissvinyl.com\/blogmissvinyl\/robert-best-nous-parle-de-lavenir-des-silkstones\/\" \/>\n<meta property=\"og:locale\" content=\"fr_FR\" \/>\n<meta property=\"og:type\" content=\"article\" \/>\n<meta property=\"og:title\" content=\"Robert Best nous parle de l&#039;avenir des Silkstones - MISS VINYL BLOG - Poup\u00e9es de collection\" \/>\n<meta property=\"og:description\" content=\"Durant vingt ans, les Sikstones ont r\u00e9interpr\u00e9t\u00e9 les grands classiques de la mode avec une petite touche moderne. Jusqu&rsquo;\u00e0 ce jour, la collection compte 140 poup\u00e9es ! En exclusivit\u00e9, Robert Best parle de la fin de la p\u00e9riode haute couture en 2020. Pouvez-vous nous dire pourquoi 2020 est l&rsquo;ann\u00e9e pour faire une pause ? J&rsquo;aime les chiffres pairs et cela semblait \u00eatre le bon moment. Cela a toujours \u00e9t\u00e9 un travail de passion et je ne l&rsquo;envisageais pas autrement. Je...Lire la suite Lire la suite\" \/>\n<meta property=\"og:url\" content=\"https:\/\/funnymissvinyl.com\/blogmissvinyl\/robert-best-nous-parle-de-lavenir-des-silkstones\/\" \/>\n<meta property=\"og:site_name\" content=\"MISS VINYL BLOG - Poup\u00e9es de collection\" \/>\n<meta property=\"article:publisher\" content=\"https:\/\/www.facebook.com\/cecilemissvinyl\" \/>\n<meta property=\"article:modified_time\" content=\"2019-08-29T06:31:08+00:00\" \/>\n<meta property=\"og:image\" content=\"http:\/\/funnymissvinyl.com\/blogmissvinyl\/wp-content\/uploads\/2019\/08\/byebyebfmc.jpg\" \/>\n<meta name=\"twitter:card\" content=\"summary_large_image\" \/>\n<script type=\"application\/ld+json\" class=\"yoast-schema-graph\">{\"@context\":\"https:\\\/\\\/schema.org\",\"@graph\":[{\"@type\":\"Article\",\"@id\":\"https:\\\/\\\/funnymissvinyl.com\\\/blogmissvinyl\\\/robert-best-nous-parle-de-lavenir-des-silkstones\\\/#article\",\"isPartOf\":{\"@id\":\"https:\\\/\\\/funnymissvinyl.com\\\/blogmissvinyl\\\/robert-best-nous-parle-de-lavenir-des-silkstones\\\/\"},\"author\":{\"name\":\"C\u00e9cile\",\"@id\":\"https:\\\/\\\/funnymissvinyl.com\\\/blogmissvinyl\\\/#\\\/schema\\\/person\\\/d43605ef0d5681c1b27a4ba1fede1cf4\"},\"headline\":\"Robert Best nous parle de l&rsquo;avenir des Silkstones\",\"datePublished\":\"2019-08-29T06:31:06+00:00\",\"dateModified\":\"2019-08-29T06:31:08+00:00\",\"mainEntityOfPage\":{\"@id\":\"https:\\\/\\\/funnymissvinyl.com\\\/blogmissvinyl\\\/robert-best-nous-parle-de-lavenir-des-silkstones\\\/\"},\"wordCount\":599,\"commentCount\":0,\"publisher\":{\"@id\":\"https:\\\/\\\/funnymissvinyl.com\\\/blogmissvinyl\\\/#organization\"},\"image\":{\"@id\":\"https:\\\/\\\/funnymissvinyl.com\\\/blogmissvinyl\\\/robert-best-nous-parle-de-lavenir-des-silkstones\\\/#primaryimage\"},\"thumbnailUrl\":\"http:\\\/\\\/funnymissvinyl.com\\\/blogmissvinyl\\\/wp-content\\\/uploads\\\/2019\\\/08\\\/byebyebfmc.jpg\",\"inLanguage\":\"fr-FR\",\"potentialAction\":[{\"@type\":\"CommentAction\",\"name\":\"Comment\",\"target\":[\"https:\\\/\\\/funnymissvinyl.com\\\/blogmissvinyl\\\/robert-best-nous-parle-de-lavenir-des-silkstones\\\/#respond\"]}]},{\"@type\":\"WebPage\",\"@id\":\"https:\\\/\\\/funnymissvinyl.com\\\/blogmissvinyl\\\/robert-best-nous-parle-de-lavenir-des-silkstones\\\/\",\"url\":\"https:\\\/\\\/funnymissvinyl.com\\\/blogmissvinyl\\\/robert-best-nous-parle-de-lavenir-des-silkstones\\\/\",\"name\":\"Robert Best nous parle de l'avenir des Silkstones - MISS VINYL BLOG - Poup\u00e9es de collection\",\"isPartOf\":{\"@id\":\"https:\\\/\\\/funnymissvinyl.com\\\/blogmissvinyl\\\/#website\"},\"primaryImageOfPage\":{\"@id\":\"https:\\\/\\\/funnymissvinyl.com\\\/blogmissvinyl\\\/robert-best-nous-parle-de-lavenir-des-silkstones\\\/#primaryimage\"},\"image\":{\"@id\":\"https:\\\/\\\/funnymissvinyl.com\\\/blogmissvinyl\\\/robert-best-nous-parle-de-lavenir-des-silkstones\\\/#primaryimage\"},\"thumbnailUrl\":\"http:\\\/\\\/funnymissvinyl.com\\\/blogmissvinyl\\\/wp-content\\\/uploads\\\/2019\\\/08\\\/byebyebfmc.jpg\",\"datePublished\":\"2019-08-29T06:31:06+00:00\",\"dateModified\":\"2019-08-29T06:31:08+00:00\",\"breadcrumb\":{\"@id\":\"https:\\\/\\\/funnymissvinyl.com\\\/blogmissvinyl\\\/robert-best-nous-parle-de-lavenir-des-silkstones\\\/#breadcrumb\"},\"inLanguage\":\"fr-FR\",\"potentialAction\":[{\"@type\":\"ReadAction\",\"target\":[\"https:\\\/\\\/funnymissvinyl.com\\\/blogmissvinyl\\\/robert-best-nous-parle-de-lavenir-des-silkstones\\\/\"]}]},{\"@type\":\"ImageObject\",\"inLanguage\":\"fr-FR\",\"@id\":\"https:\\\/\\\/funnymissvinyl.com\\\/blogmissvinyl\\\/robert-best-nous-parle-de-lavenir-des-silkstones\\\/#primaryimage\",\"url\":\"https:\\\/\\\/funnymissvinyl.com\\\/blogmissvinyl\\\/wp-content\\\/uploads\\\/2019\\\/08\\\/byebyebfmc.jpg\",\"contentUrl\":\"https:\\\/\\\/funnymissvinyl.com\\\/blogmissvinyl\\\/wp-content\\\/uploads\\\/2019\\\/08\\\/byebyebfmc.jpg\",\"width\":640,\"height\":360},{\"@type\":\"BreadcrumbList\",\"@id\":\"https:\\\/\\\/funnymissvinyl.com\\\/blogmissvinyl\\\/robert-best-nous-parle-de-lavenir-des-silkstones\\\/#breadcrumb\",\"itemListElement\":[{\"@type\":\"ListItem\",\"position\":1,\"name\":\"Accueil\",\"item\":\"https:\\\/\\\/funnymissvinyl.com\\\/blogmissvinyl\\\/\"},{\"@type\":\"ListItem\",\"position\":2,\"name\":\"Robert Best nous parle de l&#8217;avenir des Silkstones\"}]},{\"@type\":\"WebSite\",\"@id\":\"https:\\\/\\\/funnymissvinyl.com\\\/blogmissvinyl\\\/#website\",\"url\":\"https:\\\/\\\/funnymissvinyl.com\\\/blogmissvinyl\\\/\",\"name\":\"MISS VINYL BLOG - Poup\u00e9es de collection\",\"description\":\"\",\"publisher\":{\"@id\":\"https:\\\/\\\/funnymissvinyl.com\\\/blogmissvinyl\\\/#organization\"},\"potentialAction\":[{\"@type\":\"SearchAction\",\"target\":{\"@type\":\"EntryPoint\",\"urlTemplate\":\"https:\\\/\\\/funnymissvinyl.com\\\/blogmissvinyl\\\/?s={search_term_string}\"},\"query-input\":{\"@type\":\"PropertyValueSpecification\",\"valueRequired\":true,\"valueName\":\"search_term_string\"}}],\"inLanguage\":\"fr-FR\"},{\"@type\":\"Organization\",\"@id\":\"https:\\\/\\\/funnymissvinyl.com\\\/blogmissvinyl\\\/#organization\",\"name\":\"Miss Vinyl\",\"url\":\"https:\\\/\\\/funnymissvinyl.com\\\/blogmissvinyl\\\/\",\"logo\":{\"@type\":\"ImageObject\",\"inLanguage\":\"fr-FR\",\"@id\":\"https:\\\/\\\/funnymissvinyl.com\\\/blogmissvinyl\\\/#\\\/schema\\\/logo\\\/image\\\/\",\"url\":\"https:\\\/\\\/funnymissvinyl.com\\\/blogmissvinyl\\\/wp-content\\\/uploads\\\/2018\\\/07\\\/cropped-MVnewlogoBLOG500.png\",\"contentUrl\":\"https:\\\/\\\/funnymissvinyl.com\\\/blogmissvinyl\\\/wp-content\\\/uploads\\\/2018\\\/07\\\/cropped-MVnewlogoBLOG500.png\",\"width\":500,\"height\":195,\"caption\":\"Miss Vinyl\"},\"image\":{\"@id\":\"https:\\\/\\\/funnymissvinyl.com\\\/blogmissvinyl\\\/#\\\/schema\\\/logo\\\/image\\\/\"},\"sameAs\":[\"https:\\\/\\\/www.facebook.com\\\/cecilemissvinyl\",\"https:\\\/\\\/www.instagram.com\\\/cecile_missvinyl\\\/\"]},{\"@type\":\"Person\",\"@id\":\"https:\\\/\\\/funnymissvinyl.com\\\/blogmissvinyl\\\/#\\\/schema\\\/person\\\/d43605ef0d5681c1b27a4ba1fede1cf4\",\"name\":\"C\u00e9cile\",\"sameAs\":[\"http:\\\/\\\/www.missvinyl.com\"]}]}<\/script>\n<!-- \/ Yoast SEO plugin. -->","yoast_head_json":{"title":"Robert Best nous parle de l'avenir des Silkstones - MISS VINYL BLOG - Poup\u00e9es de collection","robots":{"index":"index","follow":"follow","max-snippet":"max-snippet:-1","max-image-preview":"max-image-preview:large","max-video-preview":"max-video-preview:-1"},"canonical":"https:\/\/funnymissvinyl.com\/blogmissvinyl\/robert-best-nous-parle-de-lavenir-des-silkstones\/","og_locale":"fr_FR","og_type":"article","og_title":"Robert Best nous parle de l'avenir des Silkstones - MISS VINYL BLOG - Poup\u00e9es de collection","og_description":"Durant vingt ans, les Sikstones ont r\u00e9interpr\u00e9t\u00e9 les grands classiques de la mode avec une petite touche moderne. Jusqu&rsquo;\u00e0 ce jour, la collection compte 140 poup\u00e9es ! En exclusivit\u00e9, Robert Best parle de la fin de la p\u00e9riode haute couture en 2020. Pouvez-vous nous dire pourquoi 2020 est l&rsquo;ann\u00e9e pour faire une pause ? J&rsquo;aime les chiffres pairs et cela semblait \u00eatre le bon moment. Cela a toujours \u00e9t\u00e9 un travail de passion et je ne l&rsquo;envisageais pas autrement. Je...Lire la suite Lire la suite","og_url":"https:\/\/funnymissvinyl.com\/blogmissvinyl\/robert-best-nous-parle-de-lavenir-des-silkstones\/","og_site_name":"MISS VINYL BLOG - Poup\u00e9es de collection","article_publisher":"https:\/\/www.facebook.com\/cecilemissvinyl","article_modified_time":"2019-08-29T06:31:08+00:00","og_image":[{"url":"http:\/\/funnymissvinyl.com\/blogmissvinyl\/wp-content\/uploads\/2019\/08\/byebyebfmc.jpg","type":"","width":"","height":""}],"twitter_card":"summary_large_image","schema":{"@context":"https:\/\/schema.org","@graph":[{"@type":"Article","@id":"https:\/\/funnymissvinyl.com\/blogmissvinyl\/robert-best-nous-parle-de-lavenir-des-silkstones\/#article","isPartOf":{"@id":"https:\/\/funnymissvinyl.com\/blogmissvinyl\/robert-best-nous-parle-de-lavenir-des-silkstones\/"},"author":{"name":"C\u00e9cile","@id":"https:\/\/funnymissvinyl.com\/blogmissvinyl\/#\/schema\/person\/d43605ef0d5681c1b27a4ba1fede1cf4"},"headline":"Robert Best nous parle de l&rsquo;avenir des Silkstones","datePublished":"2019-08-29T06:31:06+00:00","dateModified":"2019-08-29T06:31:08+00:00","mainEntityOfPage":{"@id":"https:\/\/funnymissvinyl.com\/blogmissvinyl\/robert-best-nous-parle-de-lavenir-des-silkstones\/"},"wordCount":599,"commentCount":0,"publisher":{"@id":"https:\/\/funnymissvinyl.com\/blogmissvinyl\/#organization"},"image":{"@id":"https:\/\/funnymissvinyl.com\/blogmissvinyl\/robert-best-nous-parle-de-lavenir-des-silkstones\/#primaryimage"},"thumbnailUrl":"http:\/\/funnymissvinyl.com\/blogmissvinyl\/wp-content\/uploads\/2019\/08\/byebyebfmc.jpg","inLanguage":"fr-FR","potentialAction":[{"@type":"CommentAction","name":"Comment","target":["https:\/\/funnymissvinyl.com\/blogmissvinyl\/robert-best-nous-parle-de-lavenir-des-silkstones\/#respond"]}]},{"@type":"WebPage","@id":"https:\/\/funnymissvinyl.com\/blogmissvinyl\/robert-best-nous-parle-de-lavenir-des-silkstones\/","url":"https:\/\/funnymissvinyl.com\/blogmissvinyl\/robert-best-nous-parle-de-lavenir-des-silkstones\/","name":"Robert Best nous parle de l'avenir des Silkstones - MISS VINYL BLOG - Poup\u00e9es de collection","isPartOf":{"@id":"https:\/\/funnymissvinyl.com\/blogmissvinyl\/#website"},"primaryImageOfPage":{"@id":"https:\/\/funnymissvinyl.com\/blogmissvinyl\/robert-best-nous-parle-de-lavenir-des-silkstones\/#primaryimage"},"image":{"@id":"https:\/\/funnymissvinyl.com\/blogmissvinyl\/robert-best-nous-parle-de-lavenir-des-silkstones\/#primaryimage"},"thumbnailUrl":"http:\/\/funnymissvinyl.com\/blogmissvinyl\/wp-content\/uploads\/2019\/08\/byebyebfmc.jpg","datePublished":"2019-08-29T06:31:06+00:00","dateModified":"2019-08-29T06:31:08+00:00","breadcrumb":{"@id":"https:\/\/funnymissvinyl.com\/blogmissvinyl\/robert-best-nous-parle-de-lavenir-des-silkstones\/#breadcrumb"},"inLanguage":"fr-FR","potentialAction":[{"@type":"ReadAction","target":["https:\/\/funnymissvinyl.com\/blogmissvinyl\/robert-best-nous-parle-de-lavenir-des-silkstones\/"]}]},{"@type":"ImageObject","inLanguage":"fr-FR","@id":"https:\/\/funnymissvinyl.com\/blogmissvinyl\/robert-best-nous-parle-de-lavenir-des-silkstones\/#primaryimage","url":"https:\/\/funnymissvinyl.com\/blogmissvinyl\/wp-content\/uploads\/2019\/08\/byebyebfmc.jpg","contentUrl":"https:\/\/funnymissvinyl.com\/blogmissvinyl\/wp-content\/uploads\/2019\/08\/byebyebfmc.jpg","width":640,"height":360},{"@type":"BreadcrumbList","@id":"https:\/\/funnymissvinyl.com\/blogmissvinyl\/robert-best-nous-parle-de-lavenir-des-silkstones\/#breadcrumb","itemListElement":[{"@type":"ListItem","position":1,"name":"Accueil","item":"https:\/\/funnymissvinyl.com\/blogmissvinyl\/"},{"@type":"ListItem","position":2,"name":"Robert Best nous parle de l&#8217;avenir des Silkstones"}]},{"@type":"WebSite","@id":"https:\/\/funnymissvinyl.com\/blogmissvinyl\/#website","url":"https:\/\/funnymissvinyl.com\/blogmissvinyl\/","name":"MISS VINYL BLOG - Poup\u00e9es de collection","description":"","publisher":{"@id":"https:\/\/funnymissvinyl.com\/blogmissvinyl\/#organization"},"potentialAction":[{"@type":"SearchAction","target":{"@type":"EntryPoint","urlTemplate":"https:\/\/funnymissvinyl.com\/blogmissvinyl\/?s={search_term_string}"},"query-input":{"@type":"PropertyValueSpecification","valueRequired":true,"valueName":"search_term_string"}}],"inLanguage":"fr-FR"},{"@type":"Organization","@id":"https:\/\/funnymissvinyl.com\/blogmissvinyl\/#organization","name":"Miss Vinyl","url":"https:\/\/funnymissvinyl.com\/blogmissvinyl\/","logo":{"@type":"ImageObject","inLanguage":"fr-FR","@id":"https:\/\/funnymissvinyl.com\/blogmissvinyl\/#\/schema\/logo\/image\/","url":"https:\/\/funnymissvinyl.com\/blogmissvinyl\/wp-content\/uploads\/2018\/07\/cropped-MVnewlogoBLOG500.png","contentUrl":"https:\/\/funnymissvinyl.com\/blogmissvinyl\/wp-content\/uploads\/2018\/07\/cropped-MVnewlogoBLOG500.png","width":500,"height":195,"caption":"Miss Vinyl"},"image":{"@id":"https:\/\/funnymissvinyl.com\/blogmissvinyl\/#\/schema\/logo\/image\/"},"sameAs":["https:\/\/www.facebook.com\/cecilemissvinyl","https:\/\/www.instagram.com\/cecile_missvinyl\/"]},{"@type":"Person","@id":"https:\/\/funnymissvinyl.com\/blogmissvinyl\/#\/schema\/person\/d43605ef0d5681c1b27a4ba1fede1cf4","name":"C\u00e9cile","sameAs":["http:\/\/www.missvinyl.com"]}]}},"_links":{"self":[{"href":"https:\/\/funnymissvinyl.com\/blogmissvinyl\/wp-json\/wp\/v2\/pages\/15460","targetHints":{"allow":["GET"]}}],"collection":[{"href":"https:\/\/funnymissvinyl.com\/blogmissvinyl\/wp-json\/wp\/v2\/pages"}],"about":[{"href":"https:\/\/funnymissvinyl.com\/blogmissvinyl\/wp-json\/wp\/v2\/types\/page"}],"author":[{"embeddable":true,"href":"https:\/\/funnymissvinyl.com\/blogmissvinyl\/wp-json\/wp\/v2\/users\/1"}],"replies":[{"embeddable":true,"href":"https:\/\/funnymissvinyl.com\/blogmissvinyl\/wp-json\/wp\/v2\/comments?post=15460"}],"version-history":[{"count":8,"href":"https:\/\/funnymissvinyl.com\/blogmissvinyl\/wp-json\/wp\/v2\/pages\/15460\/revisions"}],"predecessor-version":[{"id":15469,"href":"https:\/\/funnymissvinyl.com\/blogmissvinyl\/wp-json\/wp\/v2\/pages\/15460\/revisions\/15469"}],"wp:attachment":[{"href":"https:\/\/funnymissvinyl.com\/blogmissvinyl\/wp-json\/wp\/v2\/media?parent=15460"}],"curies":[{"name":"wp","href":"https:\/\/api.w.org\/{rel}","templated":true}]}}