{"id":18476,"date":"2021-07-05T17:45:26","date_gmt":"2021-07-05T15:45:26","guid":{"rendered":"https:\/\/funnymissvinyl.com\/blogmissvinyl\/?page_id=18476"},"modified":"2021-07-06T16:36:17","modified_gmt":"2021-07-06T14:36:17","slug":"keyah","status":"publish","type":"page","link":"https:\/\/funnymissvinyl.com\/blogmissvinyl\/keyah\/","title":{"rendered":"Keyah"},"content":{"rendered":"\n<h2 class=\"has-normal-font-size wp-block-heading\"><em>\u2014Les Portraits (texte et photos) par C\u00e9cile Favotti<\/em><\/h2>\n\n\n\n<div class=\"wp-block-media-text alignwide is-stacked-on-mobile is-vertically-aligned-top\"><figure class=\"wp-block-media-text__media\"><img loading=\"lazy\" decoding=\"async\" width=\"670\" height=\"1000\" src=\"https:\/\/funnymissvinyl.com\/blogmissvinyl\/wp-content\/uploads\/2021\/07\/bmr59AAafrica_missvinyl_08.jpg\" alt=\"\" class=\"wp-image-18469 size-full\" srcset=\"https:\/\/funnymissvinyl.com\/blogmissvinyl\/wp-content\/uploads\/2021\/07\/bmr59AAafrica_missvinyl_08.jpg 670w, https:\/\/funnymissvinyl.com\/blogmissvinyl\/wp-content\/uploads\/2021\/07\/bmr59AAafrica_missvinyl_08-134x200.jpg 134w, https:\/\/funnymissvinyl.com\/blogmissvinyl\/wp-content\/uploads\/2021\/07\/bmr59AAafrica_missvinyl_08-200x299.jpg 200w, https:\/\/funnymissvinyl.com\/blogmissvinyl\/wp-content\/uploads\/2021\/07\/bmr59AAafrica_missvinyl_08-400x597.jpg 400w\" sizes=\"auto, (max-width: 670px) 100vw, 670px\" \/><\/figure><div class=\"wp-block-media-text__content\">\n<p class=\"has-drop-cap\">Il fallait qu\u2019elle soit un soleil pour r\u00e9pandre autant de charme et d\u2019\u00e9l\u00e9gance. Keyah, royale, lumineuse et confiante, d\u00e9ambulait nonchalamment le long des all\u00e9es du march\u00e9 bord\u00e9es d\u2019\u00e9tals branlants. Elle remarquait \u00e0 peine les marchandes avachies sur leur tabouret balan\u00e7ant mollement un bout de journal suintant le gras et tentant d\u2019\u00e9loigner les nu\u00e9es de mouches.<\/p>\n\n\n\n<p>Elle sentait les regards sur elle. La jalousie dans les yeux des femmes, le d\u00e9sir dans celui des hommes. \u00c7a collait presque comme de la glu. Mais elle s\u2019en fichait. Keyah \u00e9tait pr\u00eate \u00e0 d\u00e9vorer le monde. A se soumettre telle une esclave \u00e0 sa divinit\u00e9 pr\u00e9f\u00e9r\u00e9e&nbsp;: la mode.<\/p>\n\n\n\n<p>Chaque sacrifice avait \u00e9t\u00e9 fait non sans mal pour imposer ses id\u00e9es, cette force qui la d\u00e9vorait depuis l\u2019enfance, cette id\u00e9e obs\u00e9dante que l\u2019avenir \u00e9tait ailleurs, loin d\u2019un rez-de-chauss\u00e9e fournaise, cadenc\u00e9 par le cliquetis incessant de la machine \u00e0 coudre \u00e0 p\u00e9dale. Elle a vu sa pauvre m\u00e8re, s\u2019esquinter le dos, se recroqueviller sur son ustensile \u00e0 encha\u00eener des kilom\u00e8tres de coton pour gagner une mis\u00e8re.<\/p>\n\n\n\n<p>C\u2019est peut-\u00eatre dans cet atelier que Keyah, sage, assise au milieu des rouleaux de tissus chamarr\u00e9s, noyant son ennui dans l\u2019observation des d\u00e9tails, voyant des fleuves aux d\u00e9tours des motifs sinueux des wax, suivant les pointill\u00e9s comme autant d\u2019animaux sauvages dans la savane, a nourri son obsession de parer les corps de l\u2019\u00e2me de son pays. Elle voulait l\u2019absorber, sentir sa vibration partout et tout le temps, ne jamais la quitter.<\/p>\n\n\n\n<p>Il n\u2019en fallu pas plus pour cheviller solidement sa th\u00e9orie au plus profond de sa volont\u00e9. Elle serait une repr\u00e9sentante de cette mati\u00e8re palpitante qu\u2019est l\u2019\u00e9toffe sur un corps.<\/p>\n\n\n\n<p>Que la bataille fut longue et ardue. Que d\u2019ambition souvent raval\u00e9e. Que de mesquins \u00e0 ignorer. Que d\u2019\u00e9gocentriques \u00e0 supporter. Que de vautours sans talent.<\/p>\n\n\n\n<p>Mais qu\u2019importe, elle approchait du but. Glorifier ses racines \u00e0 travers le monde, faire du wax l\u2019\u00e9tendard de son peuple, se r\u00e9approprier sa fabrication jusqu\u2019\u00e0 en faire oublier ses origines commerciales flamandes.<\/p>\n\n\n\n<p>Alors bien s\u00fbr, chaque idole, m\u00eame celle de la mode, exige quelques offrandes. Elle avait ploy\u00e9 l\u00e9g\u00e8rement aux diktats&nbsp;en lissant ses cheveux et en arborant des lunettes clinquantes de cr\u00e9ateur.<\/p>\n\n\n\n<p>En cette matin\u00e9e d\u00e9j\u00e0 intol\u00e9rable de chaleur, dans les effluves de fruits m\u00fbrs et d\u2019\u00e9pices, son corps ondulait. Ses pas l\u00e9g\u00e8rement tra\u00eenants soulevaient un l\u00e9ger nuage de poussi\u00e8re de lat\u00e9rite. Le soleil faisait briller sa peau couleur quartz noir. Le bleu audacieux de son rouge \u00e0 l\u00e8vres appelait \u00e0 la r\u00e9volte. Celle d\u2019une femme qui a d\u00e9cid\u00e9 de conqu\u00e9rir sa destin\u00e9e.<\/p>\n\n\n\n<p>\u00a9 C\u00e9cile Favotti : texte et photos<\/p>\n<\/div><\/div>\n\n\n\n<p><\/p>\n\n\n\n<p><\/p>\n","protected":false},"excerpt":{"rendered":"<p>\u2014Les Portraits (texte et photos) par C\u00e9cile Favotti Il fallait qu\u2019elle soit un soleil pour r\u00e9pandre autant de charme et d\u2019\u00e9l\u00e9gance. Keyah, royale, lumineuse et confiante, d\u00e9ambulait nonchalamment le long des all\u00e9es du march\u00e9 bord\u00e9es d\u2019\u00e9tals branlants. Elle remarquait \u00e0 peine les marchandes avachies sur leur tabouret balan\u00e7ant mollement un bout de journal suintant le gras et tentant d\u2019\u00e9loigner les nu\u00e9es de mouches. Elle sentait les regards sur elle. La jalousie dans les yeux des femmes, le d\u00e9sir dans celui&#8230;<\/p>\n<p class=\"read-more\"><a class=\"btn btn-default\" href=\"https:\/\/funnymissvinyl.com\/blogmissvinyl\/keyah\/\">Lire la suite<span class=\"screen-reader-text\"> Lire la suite<\/span><\/a><\/p>\n","protected":false},"author":1,"featured_media":0,"parent":0,"menu_order":0,"comment_status":"closed","ping_status":"closed","template":"","meta":{"footnotes":""},"class_list":["post-18476","page","type-page","status-publish","hentry"],"yoast_head":"<!-- This site is optimized with the Yoast SEO plugin v27.4 - https:\/\/yoast.com\/product\/yoast-seo-wordpress\/ -->\n<title>Keyah - MISS VINYL BLOG - Poup\u00e9es de collection<\/title>\n<meta name=\"description\" content=\"Il fallait qu\u2019elle soit un soleil pour r\u00e9pandre autant de charme et d\u2019\u00e9l\u00e9gance. Keyah, royale, lumineuse et confiante, d\u00e9ambulait\" \/>\n<meta name=\"robots\" content=\"index, follow, max-snippet:-1, max-image-preview:large, max-video-preview:-1\" \/>\n<link rel=\"canonical\" href=\"https:\/\/funnymissvinyl.com\/blogmissvinyl\/keyah\/\" \/>\n<meta property=\"og:locale\" content=\"fr_FR\" \/>\n<meta property=\"og:type\" content=\"article\" \/>\n<meta property=\"og:title\" content=\"Keyah\" \/>\n<meta property=\"og:description\" content=\"Il fallait qu\u2019elle soit un soleil pour r\u00e9pandre autant de charme et d\u2019\u00e9l\u00e9gance. Keyah, royale, lumineuse et confiante, d\u00e9ambulait\" \/>\n<meta property=\"og:url\" content=\"https:\/\/funnymissvinyl.com\/blogmissvinyl\/keyah\/\" \/>\n<meta property=\"og:site_name\" content=\"MISS VINYL BLOG - Poup\u00e9es de collection\" \/>\n<meta property=\"article:publisher\" content=\"https:\/\/www.facebook.com\/cecilemissvinyl\" \/>\n<meta property=\"article:modified_time\" content=\"2021-07-06T14:36:17+00:00\" \/>\n<meta property=\"og:image\" content=\"https:\/\/funnymissvinyl.com\/blogmissvinyl\/wp-content\/uploads\/2021\/07\/bmr59AAafrica_missvinyl_039_insta.jpg\" \/>\n\t<meta property=\"og:image:width\" content=\"1080\" \/>\n\t<meta property=\"og:image:height\" content=\"1350\" \/>\n\t<meta property=\"og:image:type\" content=\"image\/jpeg\" \/>\n<meta name=\"twitter:card\" content=\"summary_large_image\" \/>\n<script type=\"application\/ld+json\" class=\"yoast-schema-graph\">{\"@context\":\"https:\\\/\\\/schema.org\",\"@graph\":[{\"@type\":\"Article\",\"@id\":\"https:\\\/\\\/funnymissvinyl.com\\\/blogmissvinyl\\\/keyah\\\/#article\",\"isPartOf\":{\"@id\":\"https:\\\/\\\/funnymissvinyl.com\\\/blogmissvinyl\\\/keyah\\\/\"},\"author\":{\"name\":\"C\u00e9cile\",\"@id\":\"https:\\\/\\\/funnymissvinyl.com\\\/blogmissvinyl\\\/#\\\/schema\\\/person\\\/d43605ef0d5681c1b27a4ba1fede1cf4\"},\"headline\":\"Keyah\",\"datePublished\":\"2021-07-05T15:45:26+00:00\",\"dateModified\":\"2021-07-06T14:36:17+00:00\",\"mainEntityOfPage\":{\"@id\":\"https:\\\/\\\/funnymissvinyl.com\\\/blogmissvinyl\\\/keyah\\\/\"},\"wordCount\":502,\"publisher\":{\"@id\":\"https:\\\/\\\/funnymissvinyl.com\\\/blogmissvinyl\\\/#organization\"},\"image\":{\"@id\":\"https:\\\/\\\/funnymissvinyl.com\\\/blogmissvinyl\\\/keyah\\\/#primaryimage\"},\"thumbnailUrl\":\"https:\\\/\\\/funnymissvinyl.com\\\/blogmissvinyl\\\/wp-content\\\/uploads\\\/2021\\\/07\\\/bmr59AAafrica_missvinyl_08.jpg\",\"inLanguage\":\"fr-FR\"},{\"@type\":\"WebPage\",\"@id\":\"https:\\\/\\\/funnymissvinyl.com\\\/blogmissvinyl\\\/keyah\\\/\",\"url\":\"https:\\\/\\\/funnymissvinyl.com\\\/blogmissvinyl\\\/keyah\\\/\",\"name\":\"Keyah - MISS VINYL BLOG - Poup\u00e9es de collection\",\"isPartOf\":{\"@id\":\"https:\\\/\\\/funnymissvinyl.com\\\/blogmissvinyl\\\/#website\"},\"primaryImageOfPage\":{\"@id\":\"https:\\\/\\\/funnymissvinyl.com\\\/blogmissvinyl\\\/keyah\\\/#primaryimage\"},\"image\":{\"@id\":\"https:\\\/\\\/funnymissvinyl.com\\\/blogmissvinyl\\\/keyah\\\/#primaryimage\"},\"thumbnailUrl\":\"https:\\\/\\\/funnymissvinyl.com\\\/blogmissvinyl\\\/wp-content\\\/uploads\\\/2021\\\/07\\\/bmr59AAafrica_missvinyl_08.jpg\",\"datePublished\":\"2021-07-05T15:45:26+00:00\",\"dateModified\":\"2021-07-06T14:36:17+00:00\",\"description\":\"Il fallait qu\u2019elle soit un soleil pour r\u00e9pandre autant de charme et d\u2019\u00e9l\u00e9gance. Keyah, royale, lumineuse et confiante, d\u00e9ambulait\",\"breadcrumb\":{\"@id\":\"https:\\\/\\\/funnymissvinyl.com\\\/blogmissvinyl\\\/keyah\\\/#breadcrumb\"},\"inLanguage\":\"fr-FR\",\"potentialAction\":[{\"@type\":\"ReadAction\",\"target\":[\"https:\\\/\\\/funnymissvinyl.com\\\/blogmissvinyl\\\/keyah\\\/\"]}]},{\"@type\":\"ImageObject\",\"inLanguage\":\"fr-FR\",\"@id\":\"https:\\\/\\\/funnymissvinyl.com\\\/blogmissvinyl\\\/keyah\\\/#primaryimage\",\"url\":\"https:\\\/\\\/funnymissvinyl.com\\\/blogmissvinyl\\\/wp-content\\\/uploads\\\/2021\\\/07\\\/bmr59AAafrica_missvinyl_08.jpg\",\"contentUrl\":\"https:\\\/\\\/funnymissvinyl.com\\\/blogmissvinyl\\\/wp-content\\\/uploads\\\/2021\\\/07\\\/bmr59AAafrica_missvinyl_08.jpg\",\"width\":670,\"height\":1000},{\"@type\":\"BreadcrumbList\",\"@id\":\"https:\\\/\\\/funnymissvinyl.com\\\/blogmissvinyl\\\/keyah\\\/#breadcrumb\",\"itemListElement\":[{\"@type\":\"ListItem\",\"position\":1,\"name\":\"Accueil\",\"item\":\"https:\\\/\\\/funnymissvinyl.com\\\/blogmissvinyl\\\/\"},{\"@type\":\"ListItem\",\"position\":2,\"name\":\"Keyah\"}]},{\"@type\":\"WebSite\",\"@id\":\"https:\\\/\\\/funnymissvinyl.com\\\/blogmissvinyl\\\/#website\",\"url\":\"https:\\\/\\\/funnymissvinyl.com\\\/blogmissvinyl\\\/\",\"name\":\"MISS VINYL BLOG - Poup\u00e9es de collection\",\"description\":\"\",\"publisher\":{\"@id\":\"https:\\\/\\\/funnymissvinyl.com\\\/blogmissvinyl\\\/#organization\"},\"potentialAction\":[{\"@type\":\"SearchAction\",\"target\":{\"@type\":\"EntryPoint\",\"urlTemplate\":\"https:\\\/\\\/funnymissvinyl.com\\\/blogmissvinyl\\\/?s={search_term_string}\"},\"query-input\":{\"@type\":\"PropertyValueSpecification\",\"valueRequired\":true,\"valueName\":\"search_term_string\"}}],\"inLanguage\":\"fr-FR\"},{\"@type\":\"Organization\",\"@id\":\"https:\\\/\\\/funnymissvinyl.com\\\/blogmissvinyl\\\/#organization\",\"name\":\"Miss Vinyl\",\"url\":\"https:\\\/\\\/funnymissvinyl.com\\\/blogmissvinyl\\\/\",\"logo\":{\"@type\":\"ImageObject\",\"inLanguage\":\"fr-FR\",\"@id\":\"https:\\\/\\\/funnymissvinyl.com\\\/blogmissvinyl\\\/#\\\/schema\\\/logo\\\/image\\\/\",\"url\":\"https:\\\/\\\/funnymissvinyl.com\\\/blogmissvinyl\\\/wp-content\\\/uploads\\\/2018\\\/07\\\/cropped-MVnewlogoBLOG500.png\",\"contentUrl\":\"https:\\\/\\\/funnymissvinyl.com\\\/blogmissvinyl\\\/wp-content\\\/uploads\\\/2018\\\/07\\\/cropped-MVnewlogoBLOG500.png\",\"width\":500,\"height\":195,\"caption\":\"Miss Vinyl\"},\"image\":{\"@id\":\"https:\\\/\\\/funnymissvinyl.com\\\/blogmissvinyl\\\/#\\\/schema\\\/logo\\\/image\\\/\"},\"sameAs\":[\"https:\\\/\\\/www.facebook.com\\\/cecilemissvinyl\",\"https:\\\/\\\/www.instagram.com\\\/cecile_missvinyl\\\/\"]},{\"@type\":\"Person\",\"@id\":\"https:\\\/\\\/funnymissvinyl.com\\\/blogmissvinyl\\\/#\\\/schema\\\/person\\\/d43605ef0d5681c1b27a4ba1fede1cf4\",\"name\":\"C\u00e9cile\",\"sameAs\":[\"http:\\\/\\\/www.missvinyl.com\"]}]}<\/script>\n<!-- \/ Yoast SEO plugin. -->","yoast_head_json":{"title":"Keyah - MISS VINYL BLOG - Poup\u00e9es de collection","description":"Il fallait qu\u2019elle soit un soleil pour r\u00e9pandre autant de charme et d\u2019\u00e9l\u00e9gance. Keyah, royale, lumineuse et confiante, d\u00e9ambulait","robots":{"index":"index","follow":"follow","max-snippet":"max-snippet:-1","max-image-preview":"max-image-preview:large","max-video-preview":"max-video-preview:-1"},"canonical":"https:\/\/funnymissvinyl.com\/blogmissvinyl\/keyah\/","og_locale":"fr_FR","og_type":"article","og_title":"Keyah","og_description":"Il fallait qu\u2019elle soit un soleil pour r\u00e9pandre autant de charme et d\u2019\u00e9l\u00e9gance. Keyah, royale, lumineuse et confiante, d\u00e9ambulait","og_url":"https:\/\/funnymissvinyl.com\/blogmissvinyl\/keyah\/","og_site_name":"MISS VINYL BLOG - Poup\u00e9es de collection","article_publisher":"https:\/\/www.facebook.com\/cecilemissvinyl","article_modified_time":"2021-07-06T14:36:17+00:00","og_image":[{"width":1080,"height":1350,"url":"https:\/\/funnymissvinyl.com\/blogmissvinyl\/wp-content\/uploads\/2021\/07\/bmr59AAafrica_missvinyl_039_insta.jpg","type":"image\/jpeg"}],"twitter_card":"summary_large_image","schema":{"@context":"https:\/\/schema.org","@graph":[{"@type":"Article","@id":"https:\/\/funnymissvinyl.com\/blogmissvinyl\/keyah\/#article","isPartOf":{"@id":"https:\/\/funnymissvinyl.com\/blogmissvinyl\/keyah\/"},"author":{"name":"C\u00e9cile","@id":"https:\/\/funnymissvinyl.com\/blogmissvinyl\/#\/schema\/person\/d43605ef0d5681c1b27a4ba1fede1cf4"},"headline":"Keyah","datePublished":"2021-07-05T15:45:26+00:00","dateModified":"2021-07-06T14:36:17+00:00","mainEntityOfPage":{"@id":"https:\/\/funnymissvinyl.com\/blogmissvinyl\/keyah\/"},"wordCount":502,"publisher":{"@id":"https:\/\/funnymissvinyl.com\/blogmissvinyl\/#organization"},"image":{"@id":"https:\/\/funnymissvinyl.com\/blogmissvinyl\/keyah\/#primaryimage"},"thumbnailUrl":"https:\/\/funnymissvinyl.com\/blogmissvinyl\/wp-content\/uploads\/2021\/07\/bmr59AAafrica_missvinyl_08.jpg","inLanguage":"fr-FR"},{"@type":"WebPage","@id":"https:\/\/funnymissvinyl.com\/blogmissvinyl\/keyah\/","url":"https:\/\/funnymissvinyl.com\/blogmissvinyl\/keyah\/","name":"Keyah - MISS VINYL BLOG - Poup\u00e9es de collection","isPartOf":{"@id":"https:\/\/funnymissvinyl.com\/blogmissvinyl\/#website"},"primaryImageOfPage":{"@id":"https:\/\/funnymissvinyl.com\/blogmissvinyl\/keyah\/#primaryimage"},"image":{"@id":"https:\/\/funnymissvinyl.com\/blogmissvinyl\/keyah\/#primaryimage"},"thumbnailUrl":"https:\/\/funnymissvinyl.com\/blogmissvinyl\/wp-content\/uploads\/2021\/07\/bmr59AAafrica_missvinyl_08.jpg","datePublished":"2021-07-05T15:45:26+00:00","dateModified":"2021-07-06T14:36:17+00:00","description":"Il fallait qu\u2019elle soit un soleil pour r\u00e9pandre autant de charme et d\u2019\u00e9l\u00e9gance. Keyah, royale, lumineuse et confiante, d\u00e9ambulait","breadcrumb":{"@id":"https:\/\/funnymissvinyl.com\/blogmissvinyl\/keyah\/#breadcrumb"},"inLanguage":"fr-FR","potentialAction":[{"@type":"ReadAction","target":["https:\/\/funnymissvinyl.com\/blogmissvinyl\/keyah\/"]}]},{"@type":"ImageObject","inLanguage":"fr-FR","@id":"https:\/\/funnymissvinyl.com\/blogmissvinyl\/keyah\/#primaryimage","url":"https:\/\/funnymissvinyl.com\/blogmissvinyl\/wp-content\/uploads\/2021\/07\/bmr59AAafrica_missvinyl_08.jpg","contentUrl":"https:\/\/funnymissvinyl.com\/blogmissvinyl\/wp-content\/uploads\/2021\/07\/bmr59AAafrica_missvinyl_08.jpg","width":670,"height":1000},{"@type":"BreadcrumbList","@id":"https:\/\/funnymissvinyl.com\/blogmissvinyl\/keyah\/#breadcrumb","itemListElement":[{"@type":"ListItem","position":1,"name":"Accueil","item":"https:\/\/funnymissvinyl.com\/blogmissvinyl\/"},{"@type":"ListItem","position":2,"name":"Keyah"}]},{"@type":"WebSite","@id":"https:\/\/funnymissvinyl.com\/blogmissvinyl\/#website","url":"https:\/\/funnymissvinyl.com\/blogmissvinyl\/","name":"MISS VINYL BLOG - Poup\u00e9es de collection","description":"","publisher":{"@id":"https:\/\/funnymissvinyl.com\/blogmissvinyl\/#organization"},"potentialAction":[{"@type":"SearchAction","target":{"@type":"EntryPoint","urlTemplate":"https:\/\/funnymissvinyl.com\/blogmissvinyl\/?s={search_term_string}"},"query-input":{"@type":"PropertyValueSpecification","valueRequired":true,"valueName":"search_term_string"}}],"inLanguage":"fr-FR"},{"@type":"Organization","@id":"https:\/\/funnymissvinyl.com\/blogmissvinyl\/#organization","name":"Miss Vinyl","url":"https:\/\/funnymissvinyl.com\/blogmissvinyl\/","logo":{"@type":"ImageObject","inLanguage":"fr-FR","@id":"https:\/\/funnymissvinyl.com\/blogmissvinyl\/#\/schema\/logo\/image\/","url":"https:\/\/funnymissvinyl.com\/blogmissvinyl\/wp-content\/uploads\/2018\/07\/cropped-MVnewlogoBLOG500.png","contentUrl":"https:\/\/funnymissvinyl.com\/blogmissvinyl\/wp-content\/uploads\/2018\/07\/cropped-MVnewlogoBLOG500.png","width":500,"height":195,"caption":"Miss Vinyl"},"image":{"@id":"https:\/\/funnymissvinyl.com\/blogmissvinyl\/#\/schema\/logo\/image\/"},"sameAs":["https:\/\/www.facebook.com\/cecilemissvinyl","https:\/\/www.instagram.com\/cecile_missvinyl\/"]},{"@type":"Person","@id":"https:\/\/funnymissvinyl.com\/blogmissvinyl\/#\/schema\/person\/d43605ef0d5681c1b27a4ba1fede1cf4","name":"C\u00e9cile","sameAs":["http:\/\/www.missvinyl.com"]}]}},"_links":{"self":[{"href":"https:\/\/funnymissvinyl.com\/blogmissvinyl\/wp-json\/wp\/v2\/pages\/18476","targetHints":{"allow":["GET"]}}],"collection":[{"href":"https:\/\/funnymissvinyl.com\/blogmissvinyl\/wp-json\/wp\/v2\/pages"}],"about":[{"href":"https:\/\/funnymissvinyl.com\/blogmissvinyl\/wp-json\/wp\/v2\/types\/page"}],"author":[{"embeddable":true,"href":"https:\/\/funnymissvinyl.com\/blogmissvinyl\/wp-json\/wp\/v2\/users\/1"}],"replies":[{"embeddable":true,"href":"https:\/\/funnymissvinyl.com\/blogmissvinyl\/wp-json\/wp\/v2\/comments?post=18476"}],"version-history":[{"count":7,"href":"https:\/\/funnymissvinyl.com\/blogmissvinyl\/wp-json\/wp\/v2\/pages\/18476\/revisions"}],"predecessor-version":[{"id":18514,"href":"https:\/\/funnymissvinyl.com\/blogmissvinyl\/wp-json\/wp\/v2\/pages\/18476\/revisions\/18514"}],"wp:attachment":[{"href":"https:\/\/funnymissvinyl.com\/blogmissvinyl\/wp-json\/wp\/v2\/media?parent=18476"}],"curies":[{"name":"wp","href":"https:\/\/api.w.org\/{rel}","templated":true}]}}