{"id":26404,"date":"2026-01-20T11:58:13","date_gmt":"2026-01-20T10:58:13","guid":{"rendered":"https:\/\/funnymissvinyl.com\/blogmissvinyl\/?post_type=product&#038;p=26404"},"modified":"2026-03-13T11:20:03","modified_gmt":"2026-03-13T10:20:03","slug":"integrity-toys-lilith-blair-lustre","status":"publish","type":"product","link":"https:\/\/funnymissvinyl.com\/blogmissvinyl\/produit\/integrity-toys-lilith-blair-lustre\/","title":{"rendered":"Integrity Toys Lilith Blair Lustre"},"content":{"rendered":"<p>NRFB Lilith Blair Lustre &#8211; poup\u00e9e articul\u00e9e &#8211; 30 cm &#8211; Exclusivit\u00e9 du WClub d&rsquo;Integrity Toys<\/p>\n<div class=\"ewd-upcp-single-product-custom-field\"><span class=\"ewd-upcp-single-product-extra-element-label\">Line:\u00a0<\/span><span class=\"ewd-upcp-single-product-extra-element-value\">NU. Face<\/span><\/div>\n<div class=\"ewd-upcp-single-product-custom-field\"><span class=\"ewd-upcp-single-product-extra-element-label\">Sculpt:\u00a0<\/span><span class=\"ewd-upcp-single-product-extra-element-value\">Eden\/Lilith<\/span><\/div>\n<div class=\"ewd-upcp-single-product-custom-field\"><span class=\"ewd-upcp-single-product-extra-element-label\">Body Type:\u00a0<\/span><span class=\"ewd-upcp-single-product-extra-element-value\">NF3.5<\/span><\/div>\n<div class=\"ewd-upcp-single-product-custom-field\"><span class=\"ewd-upcp-single-product-extra-element-label\">Skin Tone:\u00a0<\/span><span class=\"ewd-upcp-single-product-extra-element-value\">Hungarian<\/span><\/div>\n<div class=\"ewd-upcp-single-product-custom-field\"><span class=\"ewd-upcp-single-product-extra-element-label\">Hair Color:\u00a0<\/span><span class=\"ewd-upcp-single-product-extra-element-value\">Dark Chocolate<\/span><\/div>\n<div class=\"ewd-upcp-single-product-custom-field\"><span class=\"ewd-upcp-single-product-extra-element-label\">Year:\u00a0<\/span><span class=\"ewd-upcp-single-product-extra-element-value\">2025<\/span><\/div>\n<div class=\"ewd-upcp-single-product-custom-field\"><span class=\"ewd-upcp-single-product-extra-element-label\">Edition Size:\u00a0<\/span><span class=\"ewd-upcp-single-product-extra-element-value\">TBD<\/span><\/div>\n<div class=\"ewd-upcp-single-product-custom-field\"><span class=\"ewd-upcp-single-product-extra-element-label\">Item Type:\u00a0<\/span><span class=\"ewd-upcp-single-product-extra-element-value\">WClub Upgrade Doll<\/span><\/div>\n<div class=\"ewd-upcp-single-product-custom-field\"><span class=\"ewd-upcp-single-product-extra-element-label\">Item Number:\u00a0<\/span><span class=\"ewd-upcp-single-product-extra-element-value\">82192<\/span><\/div>\n<div class=\"ewd-upcp-single-product-custom-field\"><span class=\"ewd-upcp-single-product-extra-element-label\">Glance:\u00a0<\/span><span class=\"ewd-upcp-single-product-extra-element-value\">Right Glancing<\/span><\/div>\n","protected":false},"excerpt":{"rendered":"<p>NRFB Lilith Blair Lustre &#8211; poup\u00e9e articul\u00e9e &#8211; 30 cm &#8211; Exclusivit\u00e9 du WClub d&rsquo;Integrity Toys 2025<\/p>\n<p>&nbsp;<\/p>\n<p>&nbsp;<\/p>\n<p>&nbsp;<\/p>\n","protected":false},"featured_media":26408,"template":"","meta":[],"product_brand":[],"product_cat":[717],"product_tag":[716],"class_list":{"0":"post-26404","1":"product","2":"type-product","3":"status-publish","4":"has-post-thumbnail","6":"product_cat-integritytoys","7":"product_tag-integrity-toys","8":"product_shipping_class-colissimo-simple","10":"first","11":"outofstock","12":"sold-individually","13":"shipping-taxable","14":"purchasable","15":"product-type-simple"},"yoast_head":"<!-- This site is optimized with the Yoast SEO plugin v27.3 - https:\/\/yoast.com\/product\/yoast-seo-wordpress\/ -->\n<title>Integrity Toys Lilith Blair Lustre - MISS VINYL BLOG - Poup\u00e9es de collection<\/title>\n<meta name=\"robots\" content=\"index, follow, max-snippet:-1, max-image-preview:large, max-video-preview:-1\" \/>\n<link rel=\"canonical\" href=\"https:\/\/funnymissvinyl.com\/blogmissvinyl\/produit\/integrity-toys-lilith-blair-lustre\/\" \/>\n<meta property=\"og:locale\" content=\"fr_FR\" \/>\n<meta property=\"og:type\" content=\"article\" \/>\n<meta property=\"og:title\" content=\"Integrity Toys Lilith Blair Lustre - MISS VINYL BLOG - Poup\u00e9es de collection\" \/>\n<meta property=\"og:description\" content=\"NRFB Lilith Blair Lustre - poup\u00e9e articul\u00e9e - 30 cm - Exclusivit\u00e9 du WClub d&#039;Integrity Toys 2025  &nbsp;  &nbsp;  &nbsp;\" \/>\n<meta property=\"og:url\" content=\"https:\/\/funnymissvinyl.com\/blogmissvinyl\/produit\/integrity-toys-lilith-blair-lustre\/\" \/>\n<meta property=\"og:site_name\" content=\"MISS VINYL BLOG - Poup\u00e9es de collection\" \/>\n<meta property=\"article:publisher\" content=\"https:\/\/www.facebook.com\/cecilemissvinyl\" \/>\n<meta property=\"article:modified_time\" content=\"2026-03-13T10:20:03+00:00\" \/>\n<meta property=\"og:image\" content=\"https:\/\/funnymissvinyl.com\/blogmissvinyl\/wp-content\/uploads\/2026\/01\/itlustrevente_missvinyl_07A.jpg\" \/>\n\t<meta property=\"og:image:width\" content=\"667\" \/>\n\t<meta property=\"og:image:height\" content=\"1000\" \/>\n\t<meta property=\"og:image:type\" content=\"image\/jpeg\" \/>\n<meta name=\"twitter:card\" content=\"summary_large_image\" \/>\n<script type=\"application\/ld+json\" class=\"yoast-schema-graph\">{\"@context\":\"https:\\\/\\\/schema.org\",\"@graph\":[{\"@type\":\"WebPage\",\"@id\":\"https:\\\/\\\/funnymissvinyl.com\\\/blogmissvinyl\\\/produit\\\/integrity-toys-lilith-blair-lustre\\\/\",\"url\":\"https:\\\/\\\/funnymissvinyl.com\\\/blogmissvinyl\\\/produit\\\/integrity-toys-lilith-blair-lustre\\\/\",\"name\":\"Integrity Toys Lilith Blair Lustre - MISS VINYL BLOG - Poup\u00e9es de collection\",\"isPartOf\":{\"@id\":\"https:\\\/\\\/funnymissvinyl.com\\\/blogmissvinyl\\\/#website\"},\"primaryImageOfPage\":{\"@id\":\"https:\\\/\\\/funnymissvinyl.com\\\/blogmissvinyl\\\/produit\\\/integrity-toys-lilith-blair-lustre\\\/#primaryimage\"},\"image\":{\"@id\":\"https:\\\/\\\/funnymissvinyl.com\\\/blogmissvinyl\\\/produit\\\/integrity-toys-lilith-blair-lustre\\\/#primaryimage\"},\"thumbnailUrl\":\"https:\\\/\\\/funnymissvinyl.com\\\/blogmissvinyl\\\/wp-content\\\/uploads\\\/2026\\\/01\\\/itlustrevente_missvinyl_07A.jpg\",\"datePublished\":\"2026-01-20T10:58:13+00:00\",\"dateModified\":\"2026-03-13T10:20:03+00:00\",\"breadcrumb\":{\"@id\":\"https:\\\/\\\/funnymissvinyl.com\\\/blogmissvinyl\\\/produit\\\/integrity-toys-lilith-blair-lustre\\\/#breadcrumb\"},\"inLanguage\":\"fr-FR\",\"potentialAction\":[{\"@type\":\"ReadAction\",\"target\":[\"https:\\\/\\\/funnymissvinyl.com\\\/blogmissvinyl\\\/produit\\\/integrity-toys-lilith-blair-lustre\\\/\"]}]},{\"@type\":\"ImageObject\",\"inLanguage\":\"fr-FR\",\"@id\":\"https:\\\/\\\/funnymissvinyl.com\\\/blogmissvinyl\\\/produit\\\/integrity-toys-lilith-blair-lustre\\\/#primaryimage\",\"url\":\"https:\\\/\\\/funnymissvinyl.com\\\/blogmissvinyl\\\/wp-content\\\/uploads\\\/2026\\\/01\\\/itlustrevente_missvinyl_07A.jpg\",\"contentUrl\":\"https:\\\/\\\/funnymissvinyl.com\\\/blogmissvinyl\\\/wp-content\\\/uploads\\\/2026\\\/01\\\/itlustrevente_missvinyl_07A.jpg\",\"width\":667,\"height\":1000},{\"@type\":\"BreadcrumbList\",\"@id\":\"https:\\\/\\\/funnymissvinyl.com\\\/blogmissvinyl\\\/produit\\\/integrity-toys-lilith-blair-lustre\\\/#breadcrumb\",\"itemListElement\":[{\"@type\":\"ListItem\",\"position\":1,\"name\":\"Accueil\",\"item\":\"https:\\\/\\\/funnymissvinyl.com\\\/blogmissvinyl\\\/\"},{\"@type\":\"ListItem\",\"position\":2,\"name\":\"Integrity Toys\",\"item\":\"https:\\\/\\\/funnymissvinyl.com\\\/blogmissvinyl\\\/categorie-produit\\\/integritytoys\\\/\"},{\"@type\":\"ListItem\",\"position\":3,\"name\":\"Integrity Toys Lilith Blair Lustre\"}]},{\"@type\":\"WebSite\",\"@id\":\"https:\\\/\\\/funnymissvinyl.com\\\/blogmissvinyl\\\/#website\",\"url\":\"https:\\\/\\\/funnymissvinyl.com\\\/blogmissvinyl\\\/\",\"name\":\"MISS VINYL BLOG - Poup\u00e9es de collection\",\"description\":\"\",\"publisher\":{\"@id\":\"https:\\\/\\\/funnymissvinyl.com\\\/blogmissvinyl\\\/#organization\"},\"potentialAction\":[{\"@type\":\"SearchAction\",\"target\":{\"@type\":\"EntryPoint\",\"urlTemplate\":\"https:\\\/\\\/funnymissvinyl.com\\\/blogmissvinyl\\\/?s={search_term_string}\"},\"query-input\":{\"@type\":\"PropertyValueSpecification\",\"valueRequired\":true,\"valueName\":\"search_term_string\"}}],\"inLanguage\":\"fr-FR\"},{\"@type\":\"Organization\",\"@id\":\"https:\\\/\\\/funnymissvinyl.com\\\/blogmissvinyl\\\/#organization\",\"name\":\"Miss Vinyl\",\"url\":\"https:\\\/\\\/funnymissvinyl.com\\\/blogmissvinyl\\\/\",\"logo\":{\"@type\":\"ImageObject\",\"inLanguage\":\"fr-FR\",\"@id\":\"https:\\\/\\\/funnymissvinyl.com\\\/blogmissvinyl\\\/#\\\/schema\\\/logo\\\/image\\\/\",\"url\":\"https:\\\/\\\/funnymissvinyl.com\\\/blogmissvinyl\\\/wp-content\\\/uploads\\\/2018\\\/07\\\/cropped-MVnewlogoBLOG500.png\",\"contentUrl\":\"https:\\\/\\\/funnymissvinyl.com\\\/blogmissvinyl\\\/wp-content\\\/uploads\\\/2018\\\/07\\\/cropped-MVnewlogoBLOG500.png\",\"width\":500,\"height\":195,\"caption\":\"Miss Vinyl\"},\"image\":{\"@id\":\"https:\\\/\\\/funnymissvinyl.com\\\/blogmissvinyl\\\/#\\\/schema\\\/logo\\\/image\\\/\"},\"sameAs\":[\"https:\\\/\\\/www.facebook.com\\\/cecilemissvinyl\",\"https:\\\/\\\/www.instagram.com\\\/cecile_missvinyl\\\/\"]}]}<\/script>\n<!-- \/ Yoast SEO plugin. -->","yoast_head_json":{"title":"Integrity Toys Lilith Blair Lustre - MISS VINYL BLOG - Poup\u00e9es de collection","robots":{"index":"index","follow":"follow","max-snippet":"max-snippet:-1","max-image-preview":"max-image-preview:large","max-video-preview":"max-video-preview:-1"},"canonical":"https:\/\/funnymissvinyl.com\/blogmissvinyl\/produit\/integrity-toys-lilith-blair-lustre\/","og_locale":"fr_FR","og_type":"article","og_title":"Integrity Toys Lilith Blair Lustre - MISS VINYL BLOG - Poup\u00e9es de collection","og_description":"NRFB Lilith Blair Lustre - poup\u00e9e articul\u00e9e - 30 cm - Exclusivit\u00e9 du WClub d'Integrity Toys 2025  &nbsp;  &nbsp;  &nbsp;","og_url":"https:\/\/funnymissvinyl.com\/blogmissvinyl\/produit\/integrity-toys-lilith-blair-lustre\/","og_site_name":"MISS VINYL BLOG - Poup\u00e9es de collection","article_publisher":"https:\/\/www.facebook.com\/cecilemissvinyl","article_modified_time":"2026-03-13T10:20:03+00:00","og_image":[{"width":667,"height":1000,"url":"https:\/\/funnymissvinyl.com\/blogmissvinyl\/wp-content\/uploads\/2026\/01\/itlustrevente_missvinyl_07A.jpg","type":"image\/jpeg"}],"twitter_card":"summary_large_image","schema":{"@context":"https:\/\/schema.org","@graph":[{"@type":"WebPage","@id":"https:\/\/funnymissvinyl.com\/blogmissvinyl\/produit\/integrity-toys-lilith-blair-lustre\/","url":"https:\/\/funnymissvinyl.com\/blogmissvinyl\/produit\/integrity-toys-lilith-blair-lustre\/","name":"Integrity Toys Lilith Blair Lustre - MISS VINYL BLOG - Poup\u00e9es de collection","isPartOf":{"@id":"https:\/\/funnymissvinyl.com\/blogmissvinyl\/#website"},"primaryImageOfPage":{"@id":"https:\/\/funnymissvinyl.com\/blogmissvinyl\/produit\/integrity-toys-lilith-blair-lustre\/#primaryimage"},"image":{"@id":"https:\/\/funnymissvinyl.com\/blogmissvinyl\/produit\/integrity-toys-lilith-blair-lustre\/#primaryimage"},"thumbnailUrl":"https:\/\/funnymissvinyl.com\/blogmissvinyl\/wp-content\/uploads\/2026\/01\/itlustrevente_missvinyl_07A.jpg","datePublished":"2026-01-20T10:58:13+00:00","dateModified":"2026-03-13T10:20:03+00:00","breadcrumb":{"@id":"https:\/\/funnymissvinyl.com\/blogmissvinyl\/produit\/integrity-toys-lilith-blair-lustre\/#breadcrumb"},"inLanguage":"fr-FR","potentialAction":[{"@type":"ReadAction","target":["https:\/\/funnymissvinyl.com\/blogmissvinyl\/produit\/integrity-toys-lilith-blair-lustre\/"]}]},{"@type":"ImageObject","inLanguage":"fr-FR","@id":"https:\/\/funnymissvinyl.com\/blogmissvinyl\/produit\/integrity-toys-lilith-blair-lustre\/#primaryimage","url":"https:\/\/funnymissvinyl.com\/blogmissvinyl\/wp-content\/uploads\/2026\/01\/itlustrevente_missvinyl_07A.jpg","contentUrl":"https:\/\/funnymissvinyl.com\/blogmissvinyl\/wp-content\/uploads\/2026\/01\/itlustrevente_missvinyl_07A.jpg","width":667,"height":1000},{"@type":"BreadcrumbList","@id":"https:\/\/funnymissvinyl.com\/blogmissvinyl\/produit\/integrity-toys-lilith-blair-lustre\/#breadcrumb","itemListElement":[{"@type":"ListItem","position":1,"name":"Accueil","item":"https:\/\/funnymissvinyl.com\/blogmissvinyl\/"},{"@type":"ListItem","position":2,"name":"Integrity Toys","item":"https:\/\/funnymissvinyl.com\/blogmissvinyl\/categorie-produit\/integritytoys\/"},{"@type":"ListItem","position":3,"name":"Integrity Toys Lilith Blair Lustre"}]},{"@type":"WebSite","@id":"https:\/\/funnymissvinyl.com\/blogmissvinyl\/#website","url":"https:\/\/funnymissvinyl.com\/blogmissvinyl\/","name":"MISS VINYL BLOG - Poup\u00e9es de collection","description":"","publisher":{"@id":"https:\/\/funnymissvinyl.com\/blogmissvinyl\/#organization"},"potentialAction":[{"@type":"SearchAction","target":{"@type":"EntryPoint","urlTemplate":"https:\/\/funnymissvinyl.com\/blogmissvinyl\/?s={search_term_string}"},"query-input":{"@type":"PropertyValueSpecification","valueRequired":true,"valueName":"search_term_string"}}],"inLanguage":"fr-FR"},{"@type":"Organization","@id":"https:\/\/funnymissvinyl.com\/blogmissvinyl\/#organization","name":"Miss Vinyl","url":"https:\/\/funnymissvinyl.com\/blogmissvinyl\/","logo":{"@type":"ImageObject","inLanguage":"fr-FR","@id":"https:\/\/funnymissvinyl.com\/blogmissvinyl\/#\/schema\/logo\/image\/","url":"https:\/\/funnymissvinyl.com\/blogmissvinyl\/wp-content\/uploads\/2018\/07\/cropped-MVnewlogoBLOG500.png","contentUrl":"https:\/\/funnymissvinyl.com\/blogmissvinyl\/wp-content\/uploads\/2018\/07\/cropped-MVnewlogoBLOG500.png","width":500,"height":195,"caption":"Miss Vinyl"},"image":{"@id":"https:\/\/funnymissvinyl.com\/blogmissvinyl\/#\/schema\/logo\/image\/"},"sameAs":["https:\/\/www.facebook.com\/cecilemissvinyl","https:\/\/www.instagram.com\/cecile_missvinyl\/"]}]}},"_links":{"self":[{"href":"https:\/\/funnymissvinyl.com\/blogmissvinyl\/wp-json\/wp\/v2\/product\/26404","targetHints":{"allow":["GET"]}}],"collection":[{"href":"https:\/\/funnymissvinyl.com\/blogmissvinyl\/wp-json\/wp\/v2\/product"}],"about":[{"href":"https:\/\/funnymissvinyl.com\/blogmissvinyl\/wp-json\/wp\/v2\/types\/product"}],"wp:featuredmedia":[{"embeddable":true,"href":"https:\/\/funnymissvinyl.com\/blogmissvinyl\/wp-json\/wp\/v2\/media\/26408"}],"wp:attachment":[{"href":"https:\/\/funnymissvinyl.com\/blogmissvinyl\/wp-json\/wp\/v2\/media?parent=26404"}],"wp:term":[{"taxonomy":"product_brand","embeddable":true,"href":"https:\/\/funnymissvinyl.com\/blogmissvinyl\/wp-json\/wp\/v2\/product_brand?post=26404"},{"taxonomy":"product_cat","embeddable":true,"href":"https:\/\/funnymissvinyl.com\/blogmissvinyl\/wp-json\/wp\/v2\/product_cat?post=26404"},{"taxonomy":"product_tag","embeddable":true,"href":"https:\/\/funnymissvinyl.com\/blogmissvinyl\/wp-json\/wp\/v2\/product_tag?post=26404"}],"curies":[{"name":"wp","href":"https:\/\/api.w.org\/{rel}","templated":true}]}}